{"id":276,"date":"2017-02-28T23:44:17","date_gmt":"2017-02-28T22:44:17","guid":{"rendered":"https:\/\/www.ashtangayogaitaly.com\/?page_id=276"},"modified":"2026-01-25T14:54:04","modified_gmt":"2026-01-25T13:54:04","slug":"connect-with-us","status":"publish","type":"page","link":"https:\/\/www.ashtangayogaitaly.com\/it\/connect-with-us\/","title":{"rendered":"We are family"},"content":{"rendered":"<h1 style=\"text-align: center;\"><strong>&#8220;Il punto di partenza del viaggio \u00e9 il punto di arrivo&#8221;<\/strong><\/h1>\n<p style=\"text-align: center;\"><strong>Swami Lakshmanjoo<\/strong><\/p>\n<p><img loading=\"lazy\" decoding=\"async\" class=\"alignnone size-large wp-image-1312 aligncenter\" src=\"https:\/\/www.ashtangayogaitaly.com\/wp-content\/uploads\/2020\/09\/31646762_10155679881128915_3955516668884549632_o-1024x588.jpg\" alt=\"\" width=\"525\" height=\"301\" srcset=\"https:\/\/www.ashtangayogaitaly.com\/wp-content\/uploads\/2020\/09\/31646762_10155679881128915_3955516668884549632_o-1024x588.jpg 1024w, https:\/\/www.ashtangayogaitaly.com\/wp-content\/uploads\/2020\/09\/31646762_10155679881128915_3955516668884549632_o-300x172.jpg 300w, https:\/\/www.ashtangayogaitaly.com\/wp-content\/uploads\/2020\/09\/31646762_10155679881128915_3955516668884549632_o-768x441.jpg 768w, https:\/\/www.ashtangayogaitaly.com\/wp-content\/uploads\/2020\/09\/31646762_10155679881128915_3955516668884549632_o.jpg 1166w\" sizes=\"auto, (max-width: 525px) 100vw, 525px\" \/><\/p>\n<div>\n<p>Shala Mandala \u00e8 stata fondata nel Maggio 2016, nella splendida cornice della Calabria, nel Sud Italia.<br \/>\n\u00c8 nata grazie al generoso sostegno dei nostri genitori, Elisabetta e Giuseppe, che hanno creduto nella visione di portare yoga, meditazione e movimento consapevole nella comunit\u00e0 locale.<\/p>\n<p><img loading=\"lazy\" decoding=\"async\" class=\"alignnone size-full wp-image-246\" src=\"https:\/\/www.ashtangayogaitaly.com\/wp-content\/uploads\/2017\/02\/30151_393959183914_5781630_n.jpg\" alt=\"\" width=\"720\" height=\"540\" srcset=\"https:\/\/www.ashtangayogaitaly.com\/wp-content\/uploads\/2017\/02\/30151_393959183914_5781630_n.jpg 720w, https:\/\/www.ashtangayogaitaly.com\/wp-content\/uploads\/2017\/02\/30151_393959183914_5781630_n-300x225.jpg 300w\" sizes=\"auto, (max-width: 720px) 100vw, 720px\" \/><\/p>\n<p>L\u2019intenzione \u00e8 sempre stata quella di creare uno spazio in cui l\u2019antica saggezza potesse incontrare la vita contemporanea, un luogo in cui le persone potessero riunirsi per riconnettersi con s\u00e9 stesse, con gli altri e con il sacro.<\/p>\n<p>Shala Mandala \u00e8 oggi gestita da tre donne e sei bambini: tre sorelle unite dall\u2019amore per i viaggi, la natura e la sostenibilit\u00e0. La maggior parte dei ruoli di responsabilit\u00e0 all\u2019interno della struttura \u00e8 ricoperta da donne e siamo orgogliose di aver accolto ospiti provenienti da oltre 45 Paesi, da Sydney a San Francisco, da Buenos Aires a Queenstown in Nuova Zelanda.<\/p>\n<p><img loading=\"lazy\" decoding=\"async\" class=\"alignnone size-full wp-image-2510\" src=\"https:\/\/www.ashtangayogaitaly.com\/wp-content\/uploads\/2026\/01\/IMG_2006.jpg\" alt=\"\" width=\"748\" height=\"559\" srcset=\"https:\/\/www.ashtangayogaitaly.com\/wp-content\/uploads\/2026\/01\/IMG_2006.jpg 748w, https:\/\/www.ashtangayogaitaly.com\/wp-content\/uploads\/2026\/01\/IMG_2006-300x224.jpg 300w\" sizes=\"auto, (max-width: 706px) 89vw, (max-width: 767px) 82vw, 740px\" \/><\/p>\n<p>Il progetto vive all\u2019interno del Borgo degli Ulivi Natural Resort, un ex residence sul mare degli anni \u201980, frequentato soprattutto dal mercato tedesco, che \u00e8 stato rilevato nel 2010 e avviato a un profondo percorso di rigenerazione ecologica, ambientale, culturale e legale, con l\u2019obiettivo di creare un modello di ospitalit\u00e0 consapevole e rispettoso del territorio.<\/p>\n<p>Siamo una realt\u00e0 Plastic Free dal 2016 e lavoriamo attivamente per la salvaguardia del mare e di tutti gli esseri senzienti. Nella nostra azienda operano collaboratori italiani e internazionali che vivono con noi tutto l\u2019anno e si prendono cura non solo della struttura, ma anche del raccolto degli ulivi, del campo biologico e degli animali salvati che oggi abitano con noi.<\/p>\n<p>Shala Mandala non \u00e8 solo una scuola di yoga: \u00e8 una casa, una comunit\u00e0 viva, un luogo dove praticare, crescere e trasformarsi insieme.<\/p>\n<p style=\"text-align: center;\"><strong>SIMONA<\/strong><\/p>\n<\/div>\n<p><img loading=\"lazy\" decoding=\"async\" class=\"alignnone size-large wp-image-691 aligncenter\" src=\"https:\/\/www.ashtangayogaitaly.com\/wp-content\/uploads\/2018\/05\/IMG_1126-1024x582.jpg\" alt=\"\" width=\"525\" height=\"298\" srcset=\"https:\/\/www.ashtangayogaitaly.com\/wp-content\/uploads\/2018\/05\/IMG_1126-1024x582.jpg 1024w, https:\/\/www.ashtangayogaitaly.com\/wp-content\/uploads\/2018\/05\/IMG_1126-300x171.jpg 300w, https:\/\/www.ashtangayogaitaly.com\/wp-content\/uploads\/2018\/05\/IMG_1126-768x437.jpg 768w\" sizes=\"auto, (max-width: 525px) 100vw, 525px\" \/><\/p>\n<p>Sono Simona, fondatrice di Shala Mandala.<br \/>\nIl mio cammino si \u00e8 intrecciato per oltre vent\u2019anni con viaggi, studio e pratica tra Oriente e Occidente, attraversando luoghi sacri che hanno lasciato un\u2019impronta indelebile nella mia vita.<\/p>\n<p>Sono radicata nel metodo tradizionale dell\u2019\u2019Ashtanga Yoga, sostenuta dagli insegnanti e dalle lignaggi che hanno accompagnato il mio percorso. Attraverso la pratica, insieme allo studio della meditazione, della filosofia e delle antiche civilt\u00e0, ho trovato una via capace di unire disciplina, devozione e presenza profonda.<\/p>\n<p><img loading=\"lazy\" decoding=\"async\" class=\"alignnone size-large wp-image-2580 aligncenter\" src=\"https:\/\/www.ashtangayogaitaly.com\/wp-content\/uploads\/2026\/01\/C3CF9441-10B0-40F3-A5CD-10BC85520C0B-819x1024.jpg\" alt=\"\" width=\"525\" height=\"656\" srcset=\"https:\/\/www.ashtangayogaitaly.com\/wp-content\/uploads\/2026\/01\/C3CF9441-10B0-40F3-A5CD-10BC85520C0B-819x1024.jpg 819w, https:\/\/www.ashtangayogaitaly.com\/wp-content\/uploads\/2026\/01\/C3CF9441-10B0-40F3-A5CD-10BC85520C0B-240x300.jpg 240w, https:\/\/www.ashtangayogaitaly.com\/wp-content\/uploads\/2026\/01\/C3CF9441-10B0-40F3-A5CD-10BC85520C0B-768x960.jpg 768w, https:\/\/www.ashtangayogaitaly.com\/wp-content\/uploads\/2026\/01\/C3CF9441-10B0-40F3-A5CD-10BC85520C0B-1229x1536.jpg 1229w, https:\/\/www.ashtangayogaitaly.com\/wp-content\/uploads\/2026\/01\/C3CF9441-10B0-40F3-A5CD-10BC85520C0B.jpg 1280w\" sizes=\"auto, (max-width: 525px) 100vw, 525px\" \/><\/p>\n<p>Ho iniziato a insegnare quasi per caso, rispondendo alla richiesta spontanea di un gruppo di viaggiatori che mi aveva vista praticare durante le mie brevi estati in Calabria, quando tornavo a trovare la mia famiglia. Da quell\u2019incontro inatteso \u00e8 nato il desiderio di condividere ci\u00f2 che avevo ricevuto, fino alla scelta, maturata nel tempo, di aprire uno spazio ufficiale dedicato alla pratica.<\/p>\n<p><img loading=\"lazy\" decoding=\"async\" class=\"alignnone size-large wp-image-1921 aligncenter\" src=\"https:\/\/www.ashtangayogaitaly.com\/wp-content\/uploads\/2023\/01\/DSC_8366-1024x637.jpg\" alt=\"\" width=\"525\" height=\"327\" srcset=\"https:\/\/www.ashtangayogaitaly.com\/wp-content\/uploads\/2023\/01\/DSC_8366-1024x637.jpg 1024w, https:\/\/www.ashtangayogaitaly.com\/wp-content\/uploads\/2023\/01\/DSC_8366-300x187.jpg 300w, https:\/\/www.ashtangayogaitaly.com\/wp-content\/uploads\/2023\/01\/DSC_8366-768x478.jpg 768w, https:\/\/www.ashtangayogaitaly.com\/wp-content\/uploads\/2023\/01\/DSC_8366-1536x956.jpg 1536w, https:\/\/www.ashtangayogaitaly.com\/wp-content\/uploads\/2023\/01\/DSC_8366-2048x1275.jpg 2048w\" sizes=\"auto, (max-width: 525px) 100vw, 525px\" \/><\/p>\n<p>Il mio lavoro \u00e8 un ponte tra mondi: Oriente e Occidente, visibile e sottile.<br \/>\nA Shala Mandala custodisco lo spazio con calore, chiarezza e semplicit\u00e0, accogliendo ogni studente come parte di una famiglia che pratica, cresce e si trasforma insieme.<\/p>\n<h2 style=\"text-align: center;\"><strong>Ilaria\u00a0<\/strong><\/h2>\n<div><\/div>\n<p><img loading=\"lazy\" decoding=\"async\" class=\"size-large wp-image-227 aligncenter\" src=\"https:\/\/www.ashtangayogaitaly.com\/wp-content\/uploads\/2017\/02\/Screen-Shot-2017-01-08-at-12.15.59-AM-1024x672.png\" alt=\"\" width=\"525\" height=\"345\" srcset=\"https:\/\/www.ashtangayogaitaly.com\/wp-content\/uploads\/2017\/02\/Screen-Shot-2017-01-08-at-12.15.59-AM-1024x672.png 1024w, https:\/\/www.ashtangayogaitaly.com\/wp-content\/uploads\/2017\/02\/Screen-Shot-2017-01-08-at-12.15.59-AM-300x197.png 300w, https:\/\/www.ashtangayogaitaly.com\/wp-content\/uploads\/2017\/02\/Screen-Shot-2017-01-08-at-12.15.59-AM-768x504.png 768w, https:\/\/www.ashtangayogaitaly.com\/wp-content\/uploads\/2017\/02\/Screen-Shot-2017-01-08-at-12.15.59-AM.png 1720w\" sizes=\"auto, (max-width: 525px) 100vw, 525px\" \/><\/p>\n<p>Ho iniziato a lavorare nel settore turistico durante l\u2019adolescenza nell\u2019azienda di famiglia, Tourist Services Srl, dando un contributo importante al reparto hospitality.<\/p>\n<p><img loading=\"lazy\" decoding=\"async\" class=\"alignnone size-large wp-image-2577 aligncenter\" src=\"https:\/\/www.ashtangayogaitaly.com\/wp-content\/uploads\/2026\/01\/DSC_8740-1024x685.jpg\" alt=\"\" width=\"525\" height=\"351\" srcset=\"https:\/\/www.ashtangayogaitaly.com\/wp-content\/uploads\/2026\/01\/DSC_8740-1024x685.jpg 1024w, https:\/\/www.ashtangayogaitaly.com\/wp-content\/uploads\/2026\/01\/DSC_8740-300x201.jpg 300w, https:\/\/www.ashtangayogaitaly.com\/wp-content\/uploads\/2026\/01\/DSC_8740-768x514.jpg 768w, https:\/\/www.ashtangayogaitaly.com\/wp-content\/uploads\/2026\/01\/DSC_8740-1536x1028.jpg 1536w, https:\/\/www.ashtangayogaitaly.com\/wp-content\/uploads\/2026\/01\/DSC_8740-2048x1371.jpg 2048w\" sizes=\"auto, (max-width: 525px) 100vw, 525px\" \/><br \/>\nDopo aver conseguito la laurea in Relazioni Pubbliche presso l\u2019Universit\u00e0 IULM di Milano, mi sono specializzata in Event e Congress Management, maturando una preziosa esperienza presso Boscolo Hotels e coordinando, durante le stagioni estive, la gestione dei resorts turistici organizzati dalla mia famiglia a Tropea e Sellia Marina<\/p>\n<p><img loading=\"lazy\" decoding=\"async\" class=\"alignnone size-large wp-image-1907\" src=\"https:\/\/www.ashtangayogaitaly.com\/wp-content\/uploads\/2023\/01\/DSC_7118.jpg\" alt=\"\" width=\"1\" height=\"1\" \/><img loading=\"lazy\" decoding=\"async\" class=\"alignnone size-large wp-image-1911 aligncenter\" src=\"https:\/\/www.ashtangayogaitaly.com\/wp-content\/uploads\/2023\/01\/DSC_7118-1-1024x685.jpg\" alt=\"\" width=\"525\" height=\"351\" srcset=\"https:\/\/www.ashtangayogaitaly.com\/wp-content\/uploads\/2023\/01\/DSC_7118-1-1024x685.jpg 1024w, https:\/\/www.ashtangayogaitaly.com\/wp-content\/uploads\/2023\/01\/DSC_7118-1-300x201.jpg 300w, https:\/\/www.ashtangayogaitaly.com\/wp-content\/uploads\/2023\/01\/DSC_7118-1-768x514.jpg 768w, https:\/\/www.ashtangayogaitaly.com\/wp-content\/uploads\/2023\/01\/DSC_7118-1-1536x1028.jpg 1536w, https:\/\/www.ashtangayogaitaly.com\/wp-content\/uploads\/2023\/01\/DSC_7118-1-2048x1371.jpg 2048w\" sizes=\"auto, (max-width: 525px) 100vw, 525px\" \/><\/p>\n<p>Nel 2008 ho lasciato Milano e, insieme a mio marito Ludovico Pignatti Morano di Custoza, mi sono dedicata al restauro di un antico casale di famiglia, riportandolo al suo splendore originario. Immerso nella quiete della campagna di Fano, nelle splendide Marche e a soli 2 km dal mare, <a href=\"https:\/\/molinomonacelli.it\/\">Molino Monacelli<\/a> \u00e8 oggi una country house accogliente, rivolta a chi desidera riscoprire i sapori e le tradizioni locali.<br \/>\n\u00c8 qui che vivo attualmente e dove nel 2015 ho iniziato a studiare Ast\u0101nga Yoga.<\/p>\n<h1 style=\"text-align: center;\"><strong>Marilu\u00a0\u00a0<\/strong><\/h1>\n<div><\/div>\n<p><img loading=\"lazy\" decoding=\"async\" class=\"size-large wp-image-231 aligncenter\" src=\"https:\/\/www.ashtangayogaitaly.com\/wp-content\/uploads\/2017\/02\/1425218_975782229122015_8892219728730580023_o-1024x683.jpg\" alt=\"\" width=\"525\" height=\"350\" srcset=\"https:\/\/www.ashtangayogaitaly.com\/wp-content\/uploads\/2017\/02\/1425218_975782229122015_8892219728730580023_o-1024x683.jpg 1024w, https:\/\/www.ashtangayogaitaly.com\/wp-content\/uploads\/2017\/02\/1425218_975782229122015_8892219728730580023_o-300x200.jpg 300w, https:\/\/www.ashtangayogaitaly.com\/wp-content\/uploads\/2017\/02\/1425218_975782229122015_8892219728730580023_o-768x512.jpg 768w, https:\/\/www.ashtangayogaitaly.com\/wp-content\/uploads\/2017\/02\/1425218_975782229122015_8892219728730580023_o.jpg 2048w\" sizes=\"auto, (max-width: 525px) 100vw, 525px\" \/><\/p>\n<p>Dopo la laurea in Economia e legge \u00a0all\u2019Universit\u00e0 Bocconi di Milano e un\u2019esperienza nel settore finanziario presso la societ\u00e0 di consulenza Ernst &amp; Young, sono entrata nell\u2019azienda di famiglia Tourist Services Srl nel maggio 2010.<\/p>\n<p>Vivo a Milano con i miei tre figli, dove ha sede anche il mio ufficio operativo. Gestisco il Borgo degli Ulivi Natural Resort, che ospita Shala Mandala, occupandomi della conduzione della struttura, del coordinamento del personale e dell\u2019ufficio prenotazioni.<\/p>\n<p>Ho iniziato a praticare Ast\u0101nga Yoga nel 2016, con un insegnante autorizzato KPJAYI livello II a Milano e presso Shala Mandala durante la stagione estiva.<\/p>\n<p><img loading=\"lazy\" decoding=\"async\" class=\"alignnone size-large wp-image-1919\" src=\"https:\/\/www.ashtangayogaitaly.com\/wp-content\/uploads\/2023\/01\/DSC_7779.jpg\" alt=\"\" width=\"1\" height=\"1\" \/><\/p>\n<p><span style=\"border-radius: 2px; text-indent: 20px; width: auto; padding: 0px 4px 0px 0px; text-align: center; font: bold 11px\/20px 'Helvetica Neue',Helvetica,sans-serif; color: #ffffff; background: #bd081c no-repeat scroll 3px 50% \/ 14px 14px; position: absolute; opacity: 1; z-index: 8675311; display: none; cursor: pointer; top: 161px; left: 50px;\">Save<\/span><\/p>\n<p><span style=\"border-radius: 2px; text-indent: 20px; width: auto; padding: 0px 4px 0px 0px; text-align: center; font: bold 11px\/20px 'Helvetica Neue',Helvetica,sans-serif; color: #ffffff; background: #bd081c no-repeat scroll 3px 50% \/ 14px 14px; position: absolute; opacity: 1; z-index: 8675311; display: none; cursor: pointer; top: 10012px; left: 50px;\">Save<\/span><\/p>\n<p><span style=\"border-radius: 2px; text-indent: 20px; width: auto; padding: 0px 4px 0px 0px; text-align: center; font: bold 11px\/20px 'Helvetica Neue',Helvetica,sans-serif; color: #ffffff; background: #bd081c  no-repeat scroll 3px 50% \/ 14px 14px; position: absolute; opacity: 1; z-index: 8675311; display: none; cursor: pointer; top: 5173px; left: 50px;\">Save<\/span><\/p>\n","protected":false},"excerpt":{"rendered":"<p>&#8220;Il punto di partenza del viaggio \u00e9 il punto di arrivo&#8221; Swami Lakshmanjoo Shala Mandala \u00e8 stata fondata nel Maggio 2016, nella splendida cornice della Calabria, nel Sud Italia. \u00c8 nata grazie al generoso sostegno dei nostri genitori, Elisabetta e Giuseppe, che hanno creduto nella visione di portare yoga, meditazione e movimento consapevole nella comunit\u00e0 &hellip; <\/p>\n<p class=\"link-more\"><a href=\"https:\/\/www.ashtangayogaitaly.com\/it\/connect-with-us\/\" class=\"more-link\">Leggi tutto<span class=\"screen-reader-text\"> &#8220;We are family&#8221;<\/span><\/a><\/p>\n","protected":false},"author":2,"featured_media":228,"parent":0,"menu_order":0,"comment_status":"closed","ping_status":"closed","template":"","meta":{"footnotes":""},"class_list":["post-276","page","type-page","status-publish","has-post-thumbnail","hentry"],"yoast_head":"<!-- This site is optimized with the Yoast SEO plugin v27.2 - https:\/\/yoast.com\/product\/yoast-seo-wordpress\/ -->\n<title>We are family - Ashtanga Yoga Italy<\/title>\n<meta name=\"robots\" content=\"index, follow, max-snippet:-1, max-image-preview:large, max-video-preview:-1\" \/>\n<link rel=\"canonical\" href=\"https:\/\/www.ashtangayogaitaly.com\/it\/connect-with-us\/\" \/>\n<meta property=\"og:locale\" content=\"it_IT\" \/>\n<meta property=\"og:type\" content=\"article\" \/>\n<meta property=\"og:title\" content=\"We are family - Ashtanga Yoga Italy\" \/>\n<meta property=\"og:description\" content=\"&#8220;Il punto di partenza del viaggio \u00e9 il punto di arrivo&#8221; Swami Lakshmanjoo Shala Mandala \u00e8 stata fondata nel Maggio 2016, nella splendida cornice della Calabria, nel Sud Italia. \u00c8 nata grazie al generoso sostegno dei nostri genitori, Elisabetta e Giuseppe, che hanno creduto nella visione di portare yoga, meditazione e movimento consapevole nella comunit\u00e0 &hellip; Leggi tutto &quot;We are family&quot;\" \/>\n<meta property=\"og:url\" content=\"https:\/\/www.ashtangayogaitaly.com\/it\/connect-with-us\/\" \/>\n<meta property=\"og:site_name\" content=\"Ashtanga Yoga Italy\" \/>\n<meta property=\"article:publisher\" content=\"https:\/\/www.facebook.com\/ShalaMandala\/\" \/>\n<meta property=\"article:modified_time\" content=\"2026-01-25T13:54:04+00:00\" \/>\n<meta property=\"og:image\" content=\"https:\/\/www.ashtangayogaitaly.com\/wp-content\/uploads\/2017\/02\/Screen-Shot-2017-01-08-at-12.15.59-AM.png\" \/>\n\t<meta property=\"og:image:width\" content=\"1720\" \/>\n\t<meta property=\"og:image:height\" content=\"1128\" \/>\n\t<meta property=\"og:image:type\" content=\"image\/png\" \/>\n<meta name=\"twitter:card\" content=\"summary_large_image\" \/>\n<meta name=\"twitter:site\" content=\"@girlsenroute\" \/>\n<meta name=\"twitter:label1\" content=\"Tempo di lettura stimato\" \/>\n\t<meta name=\"twitter:data1\" content=\"6 minuti\" \/>\n<script type=\"application\/ld+json\" class=\"yoast-schema-graph\">{\"@context\":\"https:\/\/schema.org\",\"@graph\":[{\"@type\":\"WebPage\",\"@id\":\"https:\/\/www.ashtangayogaitaly.com\/it\/connect-with-us\/\",\"url\":\"https:\/\/www.ashtangayogaitaly.com\/it\/connect-with-us\/\",\"name\":\"We are family - Ashtanga Yoga Italy\",\"isPartOf\":{\"@id\":\"https:\/\/www.ashtangayogaitaly.com\/#website\"},\"primaryImageOfPage\":{\"@id\":\"https:\/\/www.ashtangayogaitaly.com\/it\/connect-with-us\/#primaryimage\"},\"image\":{\"@id\":\"https:\/\/www.ashtangayogaitaly.com\/it\/connect-with-us\/#primaryimage\"},\"thumbnailUrl\":\"https:\/\/www.ashtangayogaitaly.com\/wp-content\/uploads\/2017\/02\/Screen-Shot-2017-01-08-at-12.15.59-AM.png\",\"datePublished\":\"2017-02-28T22:44:17+00:00\",\"dateModified\":\"2026-01-25T13:54:04+00:00\",\"breadcrumb\":{\"@id\":\"https:\/\/www.ashtangayogaitaly.com\/it\/connect-with-us\/#breadcrumb\"},\"inLanguage\":\"it-IT\",\"potentialAction\":[{\"@type\":\"ReadAction\",\"target\":[\"https:\/\/www.ashtangayogaitaly.com\/it\/connect-with-us\/\"]}]},{\"@type\":\"ImageObject\",\"inLanguage\":\"it-IT\",\"@id\":\"https:\/\/www.ashtangayogaitaly.com\/it\/connect-with-us\/#primaryimage\",\"url\":\"https:\/\/www.ashtangayogaitaly.com\/wp-content\/uploads\/2017\/02\/Screen-Shot-2017-01-08-at-12.15.59-AM.png\",\"contentUrl\":\"https:\/\/www.ashtangayogaitaly.com\/wp-content\/uploads\/2017\/02\/Screen-Shot-2017-01-08-at-12.15.59-AM.png\",\"width\":1720,\"height\":1128},{\"@type\":\"BreadcrumbList\",\"@id\":\"https:\/\/www.ashtangayogaitaly.com\/it\/connect-with-us\/#breadcrumb\",\"itemListElement\":[{\"@type\":\"ListItem\",\"position\":1,\"name\":\"Home\",\"item\":\"https:\/\/www.ashtangayogaitaly.com\/it\/\"},{\"@type\":\"ListItem\",\"position\":2,\"name\":\"We are family\"}]},{\"@type\":\"WebSite\",\"@id\":\"https:\/\/www.ashtangayogaitaly.com\/#website\",\"url\":\"https:\/\/www.ashtangayogaitaly.com\/\",\"name\":\"Shala Mandala\",\"description\":\"Yoga and Meditation community\",\"publisher\":{\"@id\":\"https:\/\/www.ashtangayogaitaly.com\/#organization\"},\"potentialAction\":[{\"@type\":\"SearchAction\",\"target\":{\"@type\":\"EntryPoint\",\"urlTemplate\":\"https:\/\/www.ashtangayogaitaly.com\/?s={search_term_string}\"},\"query-input\":{\"@type\":\"PropertyValueSpecification\",\"valueRequired\":true,\"valueName\":\"search_term_string\"}}],\"inLanguage\":\"it-IT\"},{\"@type\":\"Organization\",\"@id\":\"https:\/\/www.ashtangayogaitaly.com\/#organization\",\"name\":\"Shala Mandala Yoga Retreat\",\"url\":\"https:\/\/www.ashtangayogaitaly.com\/\",\"logo\":{\"@type\":\"ImageObject\",\"inLanguage\":\"it-IT\",\"@id\":\"https:\/\/www.ashtangayogaitaly.com\/#\/schema\/logo\/image\/\",\"url\":\"https:\/\/www.ashtangayogaitaly.com\/wp-content\/uploads\/2017\/05\/shala.jpg\",\"contentUrl\":\"https:\/\/www.ashtangayogaitaly.com\/wp-content\/uploads\/2017\/05\/shala.jpg\",\"width\":960,\"height\":640,\"caption\":\"Shala Mandala Yoga Retreat\"},\"image\":{\"@id\":\"https:\/\/www.ashtangayogaitaly.com\/#\/schema\/logo\/image\/\"},\"sameAs\":[\"https:\/\/www.facebook.com\/ShalaMandala\/\",\"https:\/\/x.com\/girlsenroute\",\"https:\/\/www.instagram.com\/shalamandala\"]}]}<\/script>\n<!-- \/ Yoast SEO plugin. -->","yoast_head_json":{"title":"We are family - Ashtanga Yoga Italy","robots":{"index":"index","follow":"follow","max-snippet":"max-snippet:-1","max-image-preview":"max-image-preview:large","max-video-preview":"max-video-preview:-1"},"canonical":"https:\/\/www.ashtangayogaitaly.com\/it\/connect-with-us\/","og_locale":"it_IT","og_type":"article","og_title":"We are family - Ashtanga Yoga Italy","og_description":"&#8220;Il punto di partenza del viaggio \u00e9 il punto di arrivo&#8221; Swami Lakshmanjoo Shala Mandala \u00e8 stata fondata nel Maggio 2016, nella splendida cornice della Calabria, nel Sud Italia. \u00c8 nata grazie al generoso sostegno dei nostri genitori, Elisabetta e Giuseppe, che hanno creduto nella visione di portare yoga, meditazione e movimento consapevole nella comunit\u00e0 &hellip; Leggi tutto \"We are family\"","og_url":"https:\/\/www.ashtangayogaitaly.com\/it\/connect-with-us\/","og_site_name":"Ashtanga Yoga Italy","article_publisher":"https:\/\/www.facebook.com\/ShalaMandala\/","article_modified_time":"2026-01-25T13:54:04+00:00","og_image":[{"width":1720,"height":1128,"url":"https:\/\/www.ashtangayogaitaly.com\/wp-content\/uploads\/2017\/02\/Screen-Shot-2017-01-08-at-12.15.59-AM.png","type":"image\/png"}],"twitter_card":"summary_large_image","twitter_site":"@girlsenroute","twitter_misc":{"Tempo di lettura stimato":"6 minuti"},"schema":{"@context":"https:\/\/schema.org","@graph":[{"@type":"WebPage","@id":"https:\/\/www.ashtangayogaitaly.com\/it\/connect-with-us\/","url":"https:\/\/www.ashtangayogaitaly.com\/it\/connect-with-us\/","name":"We are family - Ashtanga Yoga Italy","isPartOf":{"@id":"https:\/\/www.ashtangayogaitaly.com\/#website"},"primaryImageOfPage":{"@id":"https:\/\/www.ashtangayogaitaly.com\/it\/connect-with-us\/#primaryimage"},"image":{"@id":"https:\/\/www.ashtangayogaitaly.com\/it\/connect-with-us\/#primaryimage"},"thumbnailUrl":"https:\/\/www.ashtangayogaitaly.com\/wp-content\/uploads\/2017\/02\/Screen-Shot-2017-01-08-at-12.15.59-AM.png","datePublished":"2017-02-28T22:44:17+00:00","dateModified":"2026-01-25T13:54:04+00:00","breadcrumb":{"@id":"https:\/\/www.ashtangayogaitaly.com\/it\/connect-with-us\/#breadcrumb"},"inLanguage":"it-IT","potentialAction":[{"@type":"ReadAction","target":["https:\/\/www.ashtangayogaitaly.com\/it\/connect-with-us\/"]}]},{"@type":"ImageObject","inLanguage":"it-IT","@id":"https:\/\/www.ashtangayogaitaly.com\/it\/connect-with-us\/#primaryimage","url":"https:\/\/www.ashtangayogaitaly.com\/wp-content\/uploads\/2017\/02\/Screen-Shot-2017-01-08-at-12.15.59-AM.png","contentUrl":"https:\/\/www.ashtangayogaitaly.com\/wp-content\/uploads\/2017\/02\/Screen-Shot-2017-01-08-at-12.15.59-AM.png","width":1720,"height":1128},{"@type":"BreadcrumbList","@id":"https:\/\/www.ashtangayogaitaly.com\/it\/connect-with-us\/#breadcrumb","itemListElement":[{"@type":"ListItem","position":1,"name":"Home","item":"https:\/\/www.ashtangayogaitaly.com\/it\/"},{"@type":"ListItem","position":2,"name":"We are family"}]},{"@type":"WebSite","@id":"https:\/\/www.ashtangayogaitaly.com\/#website","url":"https:\/\/www.ashtangayogaitaly.com\/","name":"Shala Mandala","description":"Yoga and Meditation community","publisher":{"@id":"https:\/\/www.ashtangayogaitaly.com\/#organization"},"potentialAction":[{"@type":"SearchAction","target":{"@type":"EntryPoint","urlTemplate":"https:\/\/www.ashtangayogaitaly.com\/?s={search_term_string}"},"query-input":{"@type":"PropertyValueSpecification","valueRequired":true,"valueName":"search_term_string"}}],"inLanguage":"it-IT"},{"@type":"Organization","@id":"https:\/\/www.ashtangayogaitaly.com\/#organization","name":"Shala Mandala Yoga Retreat","url":"https:\/\/www.ashtangayogaitaly.com\/","logo":{"@type":"ImageObject","inLanguage":"it-IT","@id":"https:\/\/www.ashtangayogaitaly.com\/#\/schema\/logo\/image\/","url":"https:\/\/www.ashtangayogaitaly.com\/wp-content\/uploads\/2017\/05\/shala.jpg","contentUrl":"https:\/\/www.ashtangayogaitaly.com\/wp-content\/uploads\/2017\/05\/shala.jpg","width":960,"height":640,"caption":"Shala Mandala Yoga Retreat"},"image":{"@id":"https:\/\/www.ashtangayogaitaly.com\/#\/schema\/logo\/image\/"},"sameAs":["https:\/\/www.facebook.com\/ShalaMandala\/","https:\/\/x.com\/girlsenroute","https:\/\/www.instagram.com\/shalamandala"]}]}},"_links":{"self":[{"href":"https:\/\/www.ashtangayogaitaly.com\/it\/wp-json\/wp\/v2\/pages\/276","targetHints":{"allow":["GET"]}}],"collection":[{"href":"https:\/\/www.ashtangayogaitaly.com\/it\/wp-json\/wp\/v2\/pages"}],"about":[{"href":"https:\/\/www.ashtangayogaitaly.com\/it\/wp-json\/wp\/v2\/types\/page"}],"author":[{"embeddable":true,"href":"https:\/\/www.ashtangayogaitaly.com\/it\/wp-json\/wp\/v2\/users\/2"}],"replies":[{"embeddable":true,"href":"https:\/\/www.ashtangayogaitaly.com\/it\/wp-json\/wp\/v2\/comments?post=276"}],"version-history":[{"count":5,"href":"https:\/\/www.ashtangayogaitaly.com\/it\/wp-json\/wp\/v2\/pages\/276\/revisions"}],"predecessor-version":[{"id":2582,"href":"https:\/\/www.ashtangayogaitaly.com\/it\/wp-json\/wp\/v2\/pages\/276\/revisions\/2582"}],"wp:featuredmedia":[{"embeddable":true,"href":"https:\/\/www.ashtangayogaitaly.com\/it\/wp-json\/wp\/v2\/media\/228"}],"wp:attachment":[{"href":"https:\/\/www.ashtangayogaitaly.com\/it\/wp-json\/wp\/v2\/media?parent=276"}],"curies":[{"name":"wp","href":"https:\/\/api.w.org\/{rel}","templated":true}]}}