{"id":2291,"date":"2026-01-10T18:59:03","date_gmt":"2026-01-10T17:59:03","guid":{"rendered":"https:\/\/www.ashtangayogaitaly.com\/?page_id=2291"},"modified":"2026-04-04T20:34:08","modified_gmt":"2026-04-04T18:34:08","slug":"eventi-2025-2","status":"publish","type":"page","link":"https:\/\/www.ashtangayogaitaly.com\/it\/eventi-2025-2\/","title":{"rendered":"SIMONA NUCERA"},"content":{"rendered":"\n<figure class=\"wp-block-image size-large\"><img loading=\"lazy\" decoding=\"async\" width=\"939\" height=\"1024\" src=\"https:\/\/www.ashtangayogaitaly.com\/wp-content\/uploads\/2026\/01\/IMG_2920-939x1024.jpeg\" alt=\"\" class=\"wp-image-2554\" srcset=\"https:\/\/www.ashtangayogaitaly.com\/wp-content\/uploads\/2026\/01\/IMG_2920-939x1024.jpeg 939w, https:\/\/www.ashtangayogaitaly.com\/wp-content\/uploads\/2026\/01\/IMG_2920-275x300.jpeg 275w, https:\/\/www.ashtangayogaitaly.com\/wp-content\/uploads\/2026\/01\/IMG_2920-768x837.jpeg 768w, https:\/\/www.ashtangayogaitaly.com\/wp-content\/uploads\/2026\/01\/IMG_2920-1409x1536.jpeg 1409w, https:\/\/www.ashtangayogaitaly.com\/wp-content\/uploads\/2026\/01\/IMG_2920-1879x2048.jpeg 1879w\" sizes=\"auto, (max-width: 767px) 89vw, (max-width: 1000px) 54vw, (max-width: 1071px) 543px, 580px\" \/><\/figure>\n\n\n\n<p>Sono Simona Nucera, insegnante autorizzata di Ashtanga Yoga e meditazione. Il mio lavoro integra la trasmissione yogica classica, le discipline contemplative e la ricerca sul design orientato alla sostenibilit\u00e0. Il mio insegnamento \u00e8 profondamente radicato nel metodo<strong> <\/strong>Mysore ed \u00e8 plasmato da oltre due decenni di studio continuo tra Regno Unito, India, Asia e Stati Uniti.<\/p>\n\n\n\n<figure class=\"wp-block-image\"><img loading=\"lazy\" decoding=\"async\" width=\"1024\" height=\"683\" src=\"https:\/\/www.ashtangayogaitaly.com\/wp-content\/uploads\/2026\/01\/IMG_0107-1024x683.jpg\" alt=\"\" class=\"wp-image-2362\" srcset=\"https:\/\/www.ashtangayogaitaly.com\/wp-content\/uploads\/2026\/01\/IMG_0107-1024x683.jpg 1024w, https:\/\/www.ashtangayogaitaly.com\/wp-content\/uploads\/2026\/01\/IMG_0107-300x200.jpg 300w, https:\/\/www.ashtangayogaitaly.com\/wp-content\/uploads\/2026\/01\/IMG_0107-768x512.jpg 768w, https:\/\/www.ashtangayogaitaly.com\/wp-content\/uploads\/2026\/01\/IMG_0107-1536x1024.jpg 1536w, https:\/\/www.ashtangayogaitaly.com\/wp-content\/uploads\/2026\/01\/IMG_0107-2048x1365.jpg 2048w\" sizes=\"auto, (max-width: 767px) 89vw, (max-width: 1000px) 54vw, (max-width: 1071px) 543px, 580px\" \/><\/figure>\n\n\n\n<p>Sono stata introdotta allo yoga all\u2019et\u00e0 di vent\u2019anni da mia zia Franca Maria Plutino, e il mio percorso si \u00e8 approfondito attraverso incontri formativi con insegnanti tradizionali e lunghi periodi di studio in India, inclusi soggiorni prolungati a Varanasi e Mysore.<\/p>\n\n\n\n<p>Dal 2012 mi sono dedicata completamente al metodo Ashtanga, studiando con gli insegnanti certificati Hamish Hendry, Noah Williams, Sharmila Desai e Peter Sanson in programmi quotidiani di Mysore.<\/p>\n\n\n\n<p>Dal 2016 in poi ho studiato sotto la guida del mio maestro principale e Guru, Sri R. Sharath Jois, dal quale ho ricevuto l\u2019autorizzazione di livello I all\u2019insegnamento nel 2018\u20132019 assistendolo a Mysore, approfondendo gli aggiustamenti tradizionali manuali tipici del metodo Mysore. Nel 2024 ho completato la serie intermedia con lui.<\/p>\n\n\n\n<figure class=\"wp-block-image size-large\"><img loading=\"lazy\" decoding=\"async\" width=\"1024\" height=\"683\" src=\"https:\/\/www.ashtangayogaitaly.com\/wp-content\/uploads\/2026\/01\/DSC00854-1024x683.jpg\" alt=\"\" class=\"wp-image-2378\" srcset=\"https:\/\/www.ashtangayogaitaly.com\/wp-content\/uploads\/2026\/01\/DSC00854-1024x683.jpg 1024w, https:\/\/www.ashtangayogaitaly.com\/wp-content\/uploads\/2026\/01\/DSC00854-300x200.jpg 300w, https:\/\/www.ashtangayogaitaly.com\/wp-content\/uploads\/2026\/01\/DSC00854-768x512.jpg 768w, https:\/\/www.ashtangayogaitaly.com\/wp-content\/uploads\/2026\/01\/DSC00854-1536x1024.jpg 1536w, https:\/\/www.ashtangayogaitaly.com\/wp-content\/uploads\/2026\/01\/DSC00854-2048x1365.jpg 2048w\" sizes=\"auto, (max-width: 767px) 89vw, (max-width: 1000px) 54vw, (max-width: 1071px) 543px, 580px\" \/><\/figure>\n\n\n\n<p>Ho insegnato a livello internazionale in Italia, Spagna, Stati Uniti, India e Nuova Zelanda. Dal 2018 ho attivato un corso di sartoria per donne presso la Chandramauli Trust di Varanasi, India. Durante la pandemia di COVID-19 ho organizzato il primo Ashtanga Confluence italiano con insegnanti senior del KPJAYI in Italia e ho sostenuto eventi di beneficenza online, inclusi workshop per donne in India e iniziative educative per bambini. <\/p>\n\n\n\n<p>Oggi mi dedico all\u2019insegnamento quotidiano presso Shala Mandala e alla creazione di ritiri che uniscono Ashtanga yoga, meditazione, chanting e filosofia non-duale con la cultura e la spiritualit\u00e0 autentiche dei luoghi che ci ospitano. Il mio obiettivo \u00e8 offrire un\u2019esperienza trasformativa a chi desidera approfondire la propria pratica e la connessione con s\u00e9 stesso e con il mondo circostante. Il mio approccio \u00e8 ulteriormente arricchito dallo studio della Vipassan\u0101 di Goenka, dell\u2019Advaita Ved\u0101nta e del Buddhismo tibetano. Attualmente sto portando avanti i miei studi accademici presso l\u2019Universit\u00e0 Ca\u2019 Foscari di Venezia, dove integro l\u2019indagine storica, filosofica, artistica con il mio continuo percorso yogico.<\/p>\n\n\n\n<p>For more info visit&nbsp;<a href=\"https:\/\/simonanucera.com\/teachers\/\">https:\/\/simonanucera.com\/teachers\/<\/a><\/p>\n\n\n\n<h2 class=\"wp-block-heading\"><strong>MIRA JOHANNA SATTELBERGER<\/strong><\/h2>\n\n\n\n<figure class=\"wp-block-image\"><img loading=\"lazy\" decoding=\"async\" width=\"965\" height=\"1024\" src=\"https:\/\/www.ashtangayogaitaly.com\/wp-content\/uploads\/2026\/01\/92E6C2E5-9DC6-4A02-B54A-A87148E68C49-965x1024.jpg\" alt=\"\" class=\"wp-image-2412\" srcset=\"https:\/\/www.ashtangayogaitaly.com\/wp-content\/uploads\/2026\/01\/92E6C2E5-9DC6-4A02-B54A-A87148E68C49-965x1024.jpg 965w, https:\/\/www.ashtangayogaitaly.com\/wp-content\/uploads\/2026\/01\/92E6C2E5-9DC6-4A02-B54A-A87148E68C49-283x300.jpg 283w, https:\/\/www.ashtangayogaitaly.com\/wp-content\/uploads\/2026\/01\/92E6C2E5-9DC6-4A02-B54A-A87148E68C49-768x815.jpg 768w, https:\/\/www.ashtangayogaitaly.com\/wp-content\/uploads\/2026\/01\/92E6C2E5-9DC6-4A02-B54A-A87148E68C49.jpg 1440w\" sizes=\"auto, (max-width: 767px) 89vw, (max-width: 1000px) 54vw, (max-width: 1071px) 543px, 580px\" \/><\/figure>\n\n\n\n<p>Mi chiamo Mira. Sono stata introdotta alla filosofia dell\u2019Asia meridionale fin da bambina grazie ai miei genitori, e ho iniziato a esplorare gli \u0101sana attraverso movimenti semplici e giocosi. A dodici anni ho avuto la fortuna di visitare Tibet e Nepal: esperienze che hanno lasciato un segno profondo e orientato il mio percorso. Dal 2006 ho viaggiato regolarmente in India, approfondendo il mio legame con lo yoga.<\/p>\n\n\n\n<p>Pratico con costanza da oltre 20 anni e ho trovato nell\u2019Ashtanga Yoga il mio cammino. Per pi\u00f9 di dieci anni ho studiato con il mio insegnante Shri R. Sharath Jois, recandomi ogni anno a Mysore per approfondire la pratica. Sharathji \u00e8 stato guida, insegnante e detentore della linea di trasmissione dell\u2019Ashtanga Yoga secondo la tradizione di Shri K. Pattabhi Jois.<\/p>\n\n\n\n<figure class=\"wp-block-image\"><img loading=\"lazy\" decoding=\"async\" width=\"732\" height=\"1024\" src=\"https:\/\/www.ashtangayogaitaly.com\/wp-content\/uploads\/2026\/01\/H__2985-732x1024.jpg\" alt=\"\" class=\"wp-image-2364\" srcset=\"https:\/\/www.ashtangayogaitaly.com\/wp-content\/uploads\/2026\/01\/H__2985-732x1024.jpg 732w, https:\/\/www.ashtangayogaitaly.com\/wp-content\/uploads\/2026\/01\/H__2985-214x300.jpg 214w, https:\/\/www.ashtangayogaitaly.com\/wp-content\/uploads\/2026\/01\/H__2985-768x1075.jpg 768w, https:\/\/www.ashtangayogaitaly.com\/wp-content\/uploads\/2026\/01\/H__2985-1097x1536.jpg 1097w, https:\/\/www.ashtangayogaitaly.com\/wp-content\/uploads\/2026\/01\/H__2985-1463x2048.jpg 1463w, https:\/\/www.ashtangayogaitaly.com\/wp-content\/uploads\/2026\/01\/H__2985-scaled.jpg 1829w\" sizes=\"auto, (max-width: 732px) 100vw, 732px\" \/><\/figure>\n\n\n\n<p>Nel 2014 ho iniziato ad assistere Michael Schabort a Monaco. Nel dicembre 2017 ho ricevuto l\u2019autorizzazione (Level II) da Sharath Jois per insegnare. Ho avuto inoltre l\u2019onore di assisterlo pi\u00f9 volte nella shala principale dello Sharath Yoga Centre di Mysore e di studiare con praticanti avanzati come Rolf Naujokat e Sharmila Desai a Goa.<\/p>\n\n\n\n<p>Da allora condivido la pratica in diversi contesti internazionali, sostituendo programmi Mysore tra Koh Phangan, Maiorca, Italia e Monaco.<br>Dal giugno 2024 insegno quotidianamente presso Ashtanga Yoga Munich.<\/p>\n\n\n\n<figure class=\"wp-block-image\"><img loading=\"lazy\" decoding=\"async\" width=\"1024\" height=\"732\" src=\"https:\/\/www.ashtangayogaitaly.com\/wp-content\/uploads\/2026\/01\/H__3130-1024x732.jpg\" alt=\"\" class=\"wp-image-2366\" srcset=\"https:\/\/www.ashtangayogaitaly.com\/wp-content\/uploads\/2026\/01\/H__3130-1024x732.jpg 1024w, https:\/\/www.ashtangayogaitaly.com\/wp-content\/uploads\/2026\/01\/H__3130-300x214.jpg 300w, https:\/\/www.ashtangayogaitaly.com\/wp-content\/uploads\/2026\/01\/H__3130-768x549.jpg 768w, https:\/\/www.ashtangayogaitaly.com\/wp-content\/uploads\/2026\/01\/H__3130-1536x1097.jpg 1536w, https:\/\/www.ashtangayogaitaly.com\/wp-content\/uploads\/2026\/01\/H__3130-2048x1463.jpg 2048w\" sizes=\"auto, (max-width: 767px) 89vw, (max-width: 1000px) 54vw, (max-width: 1071px) 543px, 580px\" \/><\/figure>\n\n\n\n<p><\/p>\n\n\n\n<h2 class=\"wp-block-heading has-text-align-center\"><strong>KIRSTEN BERG <\/strong><\/h2>\n\n\n\n<figure class=\"wp-block-image size-large\"><img loading=\"lazy\" decoding=\"async\" width=\"1024\" height=\"1014\" src=\"https:\/\/www.ashtangayogaitaly.com\/wp-content\/uploads\/2026\/04\/420406110_10160634159923915_737391401454115558_n-1024x1014.jpg\" alt=\"\" class=\"wp-image-2606\" srcset=\"https:\/\/www.ashtangayogaitaly.com\/wp-content\/uploads\/2026\/04\/420406110_10160634159923915_737391401454115558_n-1024x1014.jpg 1024w, https:\/\/www.ashtangayogaitaly.com\/wp-content\/uploads\/2026\/04\/420406110_10160634159923915_737391401454115558_n-300x297.jpg 300w, https:\/\/www.ashtangayogaitaly.com\/wp-content\/uploads\/2026\/04\/420406110_10160634159923915_737391401454115558_n-150x150.jpg 150w, https:\/\/www.ashtangayogaitaly.com\/wp-content\/uploads\/2026\/04\/420406110_10160634159923915_737391401454115558_n-768x761.jpg 768w, https:\/\/www.ashtangayogaitaly.com\/wp-content\/uploads\/2026\/04\/420406110_10160634159923915_737391401454115558_n-100x100.jpg 100w, https:\/\/www.ashtangayogaitaly.com\/wp-content\/uploads\/2026\/04\/420406110_10160634159923915_737391401454115558_n.jpg 1440w\" sizes=\"auto, (max-width: 767px) 89vw, (max-width: 1000px) 54vw, (max-width: 1071px) 543px, 580px\" \/><\/figure>\n\n\n\n<p>Dopo aver conseguito una laurea in Archeologia Classica\/Latino, Kirsten ha iniziato a esplorare l\u2019ashtanga yoga e ad approfondire lo studio della meditazione in India nel 1993. Un\u2019immersione di un mese al Tushita Center di Dharamsala la ispir\u00f2 inoltre a lavorare per alcuni anni con la comunit\u00e0 buddhista tibetana in India e a Berkeley, in California.<\/p>\n\n\n\n<p>Spinta dal desiderio di trovare un sistema di yoga che risuonasse davvero con lei, e dopo essere stata invitata a unirsi a un gruppo di danza contemporanea e teatro, nel 1996 si trasfer\u00ec in India con un biglietto di sola andata. Trascorse diversi mesi a Rishikesh studiando con lo yogi Clive Sheridan e la tecnica Iyengar con Rudra Dev presso l\u2019Iyengar Yoga Study Center.<\/p>\n\n\n\n<figure class=\"wp-block-image size-full\"><img loading=\"lazy\" decoding=\"async\" width=\"780\" height=\"506\" src=\"https:\/\/www.ashtangayogaitaly.com\/wp-content\/uploads\/2026\/04\/kirsten-b.jpeg\" alt=\"\" class=\"wp-image-2596\" srcset=\"https:\/\/www.ashtangayogaitaly.com\/wp-content\/uploads\/2026\/04\/kirsten-b.jpeg 780w, https:\/\/www.ashtangayogaitaly.com\/wp-content\/uploads\/2026\/04\/kirsten-b-300x195.jpeg 300w, https:\/\/www.ashtangayogaitaly.com\/wp-content\/uploads\/2026\/04\/kirsten-b-768x498.jpeg 768w\" sizes=\"auto, (max-width: 767px) 89vw, (max-width: 1000px) 54vw, (max-width: 1071px) 543px, 580px\" \/><\/figure>\n\n\n\n<p>Nel 1996 partecip\u00f2 alla sua prima lezione di Ashtanga e percep\u00ec immediatamente che quella era la sua pratica. Studi\u00f2 intensivamente con Rolf Naujokat e nel 1997 divenne allieva di Sri K. Pattabhi Jois a Mysore, dove studi\u00f2 dai 3 ai 6 mesi ogni anno fino alla sua scomparsa.<\/p>\n\n\n\n<p>Nel 1999 Kirsten ricevette la benedizione\/autorizzazione all\u2019insegnamento da Sri K. Pattabhi Jois ed \u00e8 una delle poche studentesse al mondo ad aver studiato la serie Advanced \u201cA\u201d direttamente sotto la sua guida e quella di Sharath Jois. \u00c8 stata inoltre una delle ultime allieve a studiare direttamente da Jois la sequenza originale (separata) di pranayama dell\u2019Ashtanga.<\/p>\n\n\n\n<p>Nel 1999 Kirsten e Rolf si trasferirono dal Goa al Sud-Est asiatico (Ubud, Bali e Koh Phangan), dove nel 2001 fondarono \u201cAshtanga Yoga Koh Phangan\u201d, il primo programma di Ashtanga nel sud della Thailandia.<\/p>\n\n\n\n<p>Nel 2005 Kirsten invit\u00f2 Mitchell Gold a unirsi come co-insegnante per 14 anni insegnato tra la Thailandia, Bali, San Francisco e l Europa.<\/p>\n\n\n\n<p>Kirsten \u00e8 anche un\u2019artista scultrice e contribuisce ogni anno con le sue opere al Burning Man. Per maggiori informazioni <a href=\"https:\/\/www.ashtangazone.com\/aboutkirsten\">https:\/\/www.ashtangazone.com\/aboutkirsten<\/a><\/p>\n\n\n\n<figure class=\"wp-block-image size-large\"><img loading=\"lazy\" decoding=\"async\" width=\"1024\" height=\"1009\" src=\"https:\/\/www.ashtangayogaitaly.com\/wp-content\/uploads\/2026\/04\/435498561_10160634159908915_8242769311749273373_n-1-1024x1009.jpg\" alt=\"\" class=\"wp-image-2598\" srcset=\"https:\/\/www.ashtangayogaitaly.com\/wp-content\/uploads\/2026\/04\/435498561_10160634159908915_8242769311749273373_n-1-1024x1009.jpg 1024w, https:\/\/www.ashtangayogaitaly.com\/wp-content\/uploads\/2026\/04\/435498561_10160634159908915_8242769311749273373_n-1-300x296.jpg 300w, https:\/\/www.ashtangayogaitaly.com\/wp-content\/uploads\/2026\/04\/435498561_10160634159908915_8242769311749273373_n-1-768x757.jpg 768w, https:\/\/www.ashtangayogaitaly.com\/wp-content\/uploads\/2026\/04\/435498561_10160634159908915_8242769311749273373_n-1-100x100.jpg 100w, https:\/\/www.ashtangayogaitaly.com\/wp-content\/uploads\/2026\/04\/435498561_10160634159908915_8242769311749273373_n-1.jpg 1440w\" sizes=\"auto, (max-width: 767px) 89vw, (max-width: 1000px) 54vw, (max-width: 1071px) 543px, 580px\" \/><\/figure>\n\n\n\n<p><\/p>\n","protected":false},"excerpt":{"rendered":"<p>Sono Simona Nucera, insegnante autorizzata di Ashtanga Yoga e meditazione. Il mio lavoro integra la trasmissione yogica classica, le discipline contemplative e la ricerca sul design orientato alla sostenibilit\u00e0. Il mio insegnamento \u00e8 profondamente radicato nel metodo Mysore ed \u00e8 plasmato da oltre due decenni di studio continuo tra Regno Unito, India, Asia e Stati &hellip; <\/p>\n<p class=\"link-more\"><a href=\"https:\/\/www.ashtangayogaitaly.com\/it\/eventi-2025-2\/\" class=\"more-link\">Leggi tutto<span class=\"screen-reader-text\"> &#8220;SIMONA NUCERA&#8221;<\/span><\/a><\/p>\n","protected":false},"author":1,"featured_media":0,"parent":0,"menu_order":0,"comment_status":"closed","ping_status":"closed","template":"","meta":{"footnotes":""},"class_list":["post-2291","page","type-page","status-publish","hentry"],"yoast_head":"<!-- This site is optimized with the Yoast SEO plugin v27.2 - https:\/\/yoast.com\/product\/yoast-seo-wordpress\/ -->\n<title>SIMONA NUCERA - Ashtanga Yoga Italy<\/title>\n<meta name=\"robots\" content=\"index, follow, max-snippet:-1, max-image-preview:large, max-video-preview:-1\" \/>\n<link rel=\"canonical\" href=\"https:\/\/www.ashtangayogaitaly.com\/it\/eventi-2025-2\/\" \/>\n<meta property=\"og:locale\" content=\"it_IT\" \/>\n<meta property=\"og:type\" content=\"article\" \/>\n<meta property=\"og:title\" content=\"SIMONA NUCERA - Ashtanga Yoga Italy\" \/>\n<meta property=\"og:description\" content=\"Sono Simona Nucera, insegnante autorizzata di Ashtanga Yoga e meditazione. Il mio lavoro integra la trasmissione yogica classica, le discipline contemplative e la ricerca sul design orientato alla sostenibilit\u00e0. Il mio insegnamento \u00e8 profondamente radicato nel metodo Mysore ed \u00e8 plasmato da oltre due decenni di studio continuo tra Regno Unito, India, Asia e Stati &hellip; Leggi tutto &quot;SIMONA NUCERA&quot;\" \/>\n<meta property=\"og:url\" content=\"https:\/\/www.ashtangayogaitaly.com\/it\/eventi-2025-2\/\" \/>\n<meta property=\"og:site_name\" content=\"Ashtanga Yoga Italy\" \/>\n<meta property=\"article:publisher\" content=\"https:\/\/www.facebook.com\/ShalaMandala\/\" \/>\n<meta property=\"article:modified_time\" content=\"2026-04-04T18:34:08+00:00\" \/>\n<meta property=\"og:image\" content=\"https:\/\/www.ashtangayogaitaly.com\/wp-content\/uploads\/2026\/01\/IMG_2920-scaled.jpeg\" \/>\n\t<meta property=\"og:image:width\" content=\"2348\" \/>\n\t<meta property=\"og:image:height\" content=\"2560\" \/>\n\t<meta property=\"og:image:type\" content=\"image\/jpeg\" \/>\n<meta name=\"twitter:card\" content=\"summary_large_image\" \/>\n<meta name=\"twitter:site\" content=\"@girlsenroute\" \/>\n<meta name=\"twitter:label1\" content=\"Tempo di lettura stimato\" \/>\n\t<meta name=\"twitter:data1\" content=\"6 minuti\" \/>\n<script type=\"application\/ld+json\" class=\"yoast-schema-graph\">{\"@context\":\"https:\/\/schema.org\",\"@graph\":[{\"@type\":\"WebPage\",\"@id\":\"https:\/\/www.ashtangayogaitaly.com\/it\/eventi-2025-2\/\",\"url\":\"https:\/\/www.ashtangayogaitaly.com\/it\/eventi-2025-2\/\",\"name\":\"SIMONA NUCERA - Ashtanga Yoga Italy\",\"isPartOf\":{\"@id\":\"https:\/\/www.ashtangayogaitaly.com\/#website\"},\"primaryImageOfPage\":{\"@id\":\"https:\/\/www.ashtangayogaitaly.com\/it\/eventi-2025-2\/#primaryimage\"},\"image\":{\"@id\":\"https:\/\/www.ashtangayogaitaly.com\/it\/eventi-2025-2\/#primaryimage\"},\"thumbnailUrl\":\"https:\/\/www.ashtangayogaitaly.com\/wp-content\/uploads\/2026\/01\/IMG_2920-939x1024.jpeg\",\"datePublished\":\"2026-01-10T17:59:03+00:00\",\"dateModified\":\"2026-04-04T18:34:08+00:00\",\"breadcrumb\":{\"@id\":\"https:\/\/www.ashtangayogaitaly.com\/it\/eventi-2025-2\/#breadcrumb\"},\"inLanguage\":\"it-IT\",\"potentialAction\":[{\"@type\":\"ReadAction\",\"target\":[\"https:\/\/www.ashtangayogaitaly.com\/it\/eventi-2025-2\/\"]}]},{\"@type\":\"ImageObject\",\"inLanguage\":\"it-IT\",\"@id\":\"https:\/\/www.ashtangayogaitaly.com\/it\/eventi-2025-2\/#primaryimage\",\"url\":\"https:\/\/www.ashtangayogaitaly.com\/wp-content\/uploads\/2026\/01\/IMG_2920-939x1024.jpeg\",\"contentUrl\":\"https:\/\/www.ashtangayogaitaly.com\/wp-content\/uploads\/2026\/01\/IMG_2920-939x1024.jpeg\"},{\"@type\":\"BreadcrumbList\",\"@id\":\"https:\/\/www.ashtangayogaitaly.com\/it\/eventi-2025-2\/#breadcrumb\",\"itemListElement\":[{\"@type\":\"ListItem\",\"position\":1,\"name\":\"Home\",\"item\":\"https:\/\/www.ashtangayogaitaly.com\/it\/\"},{\"@type\":\"ListItem\",\"position\":2,\"name\":\"SIMONA NUCERA\"}]},{\"@type\":\"WebSite\",\"@id\":\"https:\/\/www.ashtangayogaitaly.com\/#website\",\"url\":\"https:\/\/www.ashtangayogaitaly.com\/\",\"name\":\"Shala Mandala\",\"description\":\"Yoga and Meditation community\",\"publisher\":{\"@id\":\"https:\/\/www.ashtangayogaitaly.com\/#organization\"},\"potentialAction\":[{\"@type\":\"SearchAction\",\"target\":{\"@type\":\"EntryPoint\",\"urlTemplate\":\"https:\/\/www.ashtangayogaitaly.com\/?s={search_term_string}\"},\"query-input\":{\"@type\":\"PropertyValueSpecification\",\"valueRequired\":true,\"valueName\":\"search_term_string\"}}],\"inLanguage\":\"it-IT\"},{\"@type\":\"Organization\",\"@id\":\"https:\/\/www.ashtangayogaitaly.com\/#organization\",\"name\":\"Shala Mandala Yoga Retreat\",\"url\":\"https:\/\/www.ashtangayogaitaly.com\/\",\"logo\":{\"@type\":\"ImageObject\",\"inLanguage\":\"it-IT\",\"@id\":\"https:\/\/www.ashtangayogaitaly.com\/#\/schema\/logo\/image\/\",\"url\":\"https:\/\/www.ashtangayogaitaly.com\/wp-content\/uploads\/2017\/05\/shala.jpg\",\"contentUrl\":\"https:\/\/www.ashtangayogaitaly.com\/wp-content\/uploads\/2017\/05\/shala.jpg\",\"width\":960,\"height\":640,\"caption\":\"Shala Mandala Yoga Retreat\"},\"image\":{\"@id\":\"https:\/\/www.ashtangayogaitaly.com\/#\/schema\/logo\/image\/\"},\"sameAs\":[\"https:\/\/www.facebook.com\/ShalaMandala\/\",\"https:\/\/x.com\/girlsenroute\",\"https:\/\/www.instagram.com\/shalamandala\"]}]}<\/script>\n<!-- \/ Yoast SEO plugin. -->","yoast_head_json":{"title":"SIMONA NUCERA - Ashtanga Yoga Italy","robots":{"index":"index","follow":"follow","max-snippet":"max-snippet:-1","max-image-preview":"max-image-preview:large","max-video-preview":"max-video-preview:-1"},"canonical":"https:\/\/www.ashtangayogaitaly.com\/it\/eventi-2025-2\/","og_locale":"it_IT","og_type":"article","og_title":"SIMONA NUCERA - Ashtanga Yoga Italy","og_description":"Sono Simona Nucera, insegnante autorizzata di Ashtanga Yoga e meditazione. Il mio lavoro integra la trasmissione yogica classica, le discipline contemplative e la ricerca sul design orientato alla sostenibilit\u00e0. Il mio insegnamento \u00e8 profondamente radicato nel metodo Mysore ed \u00e8 plasmato da oltre due decenni di studio continuo tra Regno Unito, India, Asia e Stati &hellip; Leggi tutto \"SIMONA NUCERA\"","og_url":"https:\/\/www.ashtangayogaitaly.com\/it\/eventi-2025-2\/","og_site_name":"Ashtanga Yoga Italy","article_publisher":"https:\/\/www.facebook.com\/ShalaMandala\/","article_modified_time":"2026-04-04T18:34:08+00:00","og_image":[{"width":2348,"height":2560,"url":"https:\/\/www.ashtangayogaitaly.com\/wp-content\/uploads\/2026\/01\/IMG_2920-scaled.jpeg","type":"image\/jpeg"}],"twitter_card":"summary_large_image","twitter_site":"@girlsenroute","twitter_misc":{"Tempo di lettura stimato":"6 minuti"},"schema":{"@context":"https:\/\/schema.org","@graph":[{"@type":"WebPage","@id":"https:\/\/www.ashtangayogaitaly.com\/it\/eventi-2025-2\/","url":"https:\/\/www.ashtangayogaitaly.com\/it\/eventi-2025-2\/","name":"SIMONA NUCERA - Ashtanga Yoga Italy","isPartOf":{"@id":"https:\/\/www.ashtangayogaitaly.com\/#website"},"primaryImageOfPage":{"@id":"https:\/\/www.ashtangayogaitaly.com\/it\/eventi-2025-2\/#primaryimage"},"image":{"@id":"https:\/\/www.ashtangayogaitaly.com\/it\/eventi-2025-2\/#primaryimage"},"thumbnailUrl":"https:\/\/www.ashtangayogaitaly.com\/wp-content\/uploads\/2026\/01\/IMG_2920-939x1024.jpeg","datePublished":"2026-01-10T17:59:03+00:00","dateModified":"2026-04-04T18:34:08+00:00","breadcrumb":{"@id":"https:\/\/www.ashtangayogaitaly.com\/it\/eventi-2025-2\/#breadcrumb"},"inLanguage":"it-IT","potentialAction":[{"@type":"ReadAction","target":["https:\/\/www.ashtangayogaitaly.com\/it\/eventi-2025-2\/"]}]},{"@type":"ImageObject","inLanguage":"it-IT","@id":"https:\/\/www.ashtangayogaitaly.com\/it\/eventi-2025-2\/#primaryimage","url":"https:\/\/www.ashtangayogaitaly.com\/wp-content\/uploads\/2026\/01\/IMG_2920-939x1024.jpeg","contentUrl":"https:\/\/www.ashtangayogaitaly.com\/wp-content\/uploads\/2026\/01\/IMG_2920-939x1024.jpeg"},{"@type":"BreadcrumbList","@id":"https:\/\/www.ashtangayogaitaly.com\/it\/eventi-2025-2\/#breadcrumb","itemListElement":[{"@type":"ListItem","position":1,"name":"Home","item":"https:\/\/www.ashtangayogaitaly.com\/it\/"},{"@type":"ListItem","position":2,"name":"SIMONA NUCERA"}]},{"@type":"WebSite","@id":"https:\/\/www.ashtangayogaitaly.com\/#website","url":"https:\/\/www.ashtangayogaitaly.com\/","name":"Shala Mandala","description":"Yoga and Meditation community","publisher":{"@id":"https:\/\/www.ashtangayogaitaly.com\/#organization"},"potentialAction":[{"@type":"SearchAction","target":{"@type":"EntryPoint","urlTemplate":"https:\/\/www.ashtangayogaitaly.com\/?s={search_term_string}"},"query-input":{"@type":"PropertyValueSpecification","valueRequired":true,"valueName":"search_term_string"}}],"inLanguage":"it-IT"},{"@type":"Organization","@id":"https:\/\/www.ashtangayogaitaly.com\/#organization","name":"Shala Mandala Yoga Retreat","url":"https:\/\/www.ashtangayogaitaly.com\/","logo":{"@type":"ImageObject","inLanguage":"it-IT","@id":"https:\/\/www.ashtangayogaitaly.com\/#\/schema\/logo\/image\/","url":"https:\/\/www.ashtangayogaitaly.com\/wp-content\/uploads\/2017\/05\/shala.jpg","contentUrl":"https:\/\/www.ashtangayogaitaly.com\/wp-content\/uploads\/2017\/05\/shala.jpg","width":960,"height":640,"caption":"Shala Mandala Yoga Retreat"},"image":{"@id":"https:\/\/www.ashtangayogaitaly.com\/#\/schema\/logo\/image\/"},"sameAs":["https:\/\/www.facebook.com\/ShalaMandala\/","https:\/\/x.com\/girlsenroute","https:\/\/www.instagram.com\/shalamandala"]}]}},"_links":{"self":[{"href":"https:\/\/www.ashtangayogaitaly.com\/it\/wp-json\/wp\/v2\/pages\/2291","targetHints":{"allow":["GET"]}}],"collection":[{"href":"https:\/\/www.ashtangayogaitaly.com\/it\/wp-json\/wp\/v2\/pages"}],"about":[{"href":"https:\/\/www.ashtangayogaitaly.com\/it\/wp-json\/wp\/v2\/types\/page"}],"author":[{"embeddable":true,"href":"https:\/\/www.ashtangayogaitaly.com\/it\/wp-json\/wp\/v2\/users\/1"}],"replies":[{"embeddable":true,"href":"https:\/\/www.ashtangayogaitaly.com\/it\/wp-json\/wp\/v2\/comments?post=2291"}],"version-history":[{"count":5,"href":"https:\/\/www.ashtangayogaitaly.com\/it\/wp-json\/wp\/v2\/pages\/2291\/revisions"}],"predecessor-version":[{"id":2630,"href":"https:\/\/www.ashtangayogaitaly.com\/it\/wp-json\/wp\/v2\/pages\/2291\/revisions\/2630"}],"wp:attachment":[{"href":"https:\/\/www.ashtangayogaitaly.com\/it\/wp-json\/wp\/v2\/media?parent=2291"}],"curies":[{"name":"wp","href":"https:\/\/api.w.org\/{rel}","templated":true}]}}