{"id":2279,"date":"2026-01-10T18:56:43","date_gmt":"2026-01-10T17:56:43","guid":{"rendered":"https:\/\/www.ashtangayogaitaly.com\/?page_id=2279"},"modified":"2026-04-18T12:23:04","modified_gmt":"2026-04-18T10:23:04","slug":"2279-2","status":"publish","type":"page","link":"https:\/\/www.ashtangayogaitaly.com\/it\/2279-2\/","title":{"rendered":""},"content":{"rendered":"<h1 class=\"p1\" style=\"text-align: center;\"><strong>A\u1e63\u1e6d\u0101\u1e45ga: 20 Giungo\/ 13 Settembre\u00a0<\/strong><\/h1>\n<p style=\"text-align: center;\"><em>La pratica accoglie chi arriva con sincerit\u00e0<\/em><\/p>\n<p>Ogni estate la Shala accoglie una comunit\u00e0 eterogenea di studenti, dai praticanti alla prima esperienza agli allievi di lunga data, cos\u00ec come famiglie con bambini.<\/p>\n<p>Ci impegniamo con cura affinch\u00e9 chiunque venga a praticare con noi si senta accolto e a proprio agio.<\/p>\n<p class=\"p1\">Ogni estate, alla Shala Mandala, la pratica si svolge accanto al mare, in uno spazio di silenzio, di comunit\u00e0 e devozione. Durante la stagione estiva, la nostra Shala diventa un luogo d\u2019incontro per praticanti di tutte le et\u00e0 e provenienze. Che tu sia un principiante o un praticante esperto, con la tua famiglia o da solo, il nostro desiderio \u00e8 che tu possa sentirti accolto con calore, e che la tua pratica si sviluppi in un\u2019atmosfera di gentilezza e cura.<\/p>\n<p><img loading=\"lazy\" decoding=\"async\" class=\"alignnone size-large wp-image-2391 aligncenter\" src=\"https:\/\/www.ashtangayogaitaly.com\/wp-content\/uploads\/2026\/01\/yoga-shala--1024x683.jpg\" alt=\"\" width=\"525\" height=\"350\" srcset=\"https:\/\/www.ashtangayogaitaly.com\/wp-content\/uploads\/2026\/01\/yoga-shala--1024x683.jpg 1024w, https:\/\/www.ashtangayogaitaly.com\/wp-content\/uploads\/2026\/01\/yoga-shala--300x200.jpg 300w, https:\/\/www.ashtangayogaitaly.com\/wp-content\/uploads\/2026\/01\/yoga-shala--768x512.jpg 768w, https:\/\/www.ashtangayogaitaly.com\/wp-content\/uploads\/2026\/01\/yoga-shala--1536x1024.jpg 1536w, https:\/\/www.ashtangayogaitaly.com\/wp-content\/uploads\/2026\/01\/yoga-shala--2048x1365.jpg 2048w\" sizes=\"auto, (max-width: 525px) 100vw, 525px\" \/><\/p>\n<p><img loading=\"lazy\" decoding=\"async\" class=\"alignnone size-large wp-image-2370 aligncenter\" src=\"https:\/\/www.ashtangayogaitaly.com\/wp-content\/uploads\/2026\/01\/yoga-shala-2-1024x683.jpg\" alt=\"\" width=\"525\" height=\"350\" srcset=\"https:\/\/www.ashtangayogaitaly.com\/wp-content\/uploads\/2026\/01\/yoga-shala-2-1024x683.jpg 1024w, https:\/\/www.ashtangayogaitaly.com\/wp-content\/uploads\/2026\/01\/yoga-shala-2-300x200.jpg 300w, https:\/\/www.ashtangayogaitaly.com\/wp-content\/uploads\/2026\/01\/yoga-shala-2-768x512.jpg 768w, https:\/\/www.ashtangayogaitaly.com\/wp-content\/uploads\/2026\/01\/yoga-shala-2-1536x1024.jpg 1536w, https:\/\/www.ashtangayogaitaly.com\/wp-content\/uploads\/2026\/01\/yoga-shala-2-2048x1365.jpg 2048w\" sizes=\"auto, (max-width: 525px) 100vw, 525px\" \/><\/p>\n<p style=\"text-align: center;\"><strong>Orari delle lezioni<\/strong><\/p>\n<p>La Shala \u00e8 aperta dal luned\u00ec al sabato dalle 7:00 alle 10:00 (ultimo arrivo consentito alle 8:45).<br \/>\n\u00c8 richiesto che i praticanti inizino il ciclo il luned\u00ec e lo concludano il sabato.<br \/>\nIl mantra di apertura viene recitato intorno alle 7:00.<\/p>\n<p>La domenica \u00e8 per noi una giornata dedicata alla famiglia, quindi la Shala rester\u00e0 chiusa.<\/p>\n<p>In occasione di Luna Nuova e Luna Piena non si pratica Asht\u0101nga.<\/p>\n<p><strong>Authorazied Teachers<\/strong>: Simona Nucera, Mira Johanna Sattelberger.<\/p>\n<p><img loading=\"lazy\" decoding=\"async\" class=\"alignnone size-large wp-image-1113 aligncenter\" src=\"https:\/\/www.ashtangayogaitaly.com\/wp-content\/uploads\/2019\/09\/70496491_2414680805280958_3125119402589028352_o-1024x1024.jpg\" alt=\"\" width=\"525\" height=\"525\" srcset=\"https:\/\/www.ashtangayogaitaly.com\/wp-content\/uploads\/2019\/09\/70496491_2414680805280958_3125119402589028352_o-1024x1024.jpg 1024w, https:\/\/www.ashtangayogaitaly.com\/wp-content\/uploads\/2019\/09\/70496491_2414680805280958_3125119402589028352_o-150x150.jpg 150w, https:\/\/www.ashtangayogaitaly.com\/wp-content\/uploads\/2019\/09\/70496491_2414680805280958_3125119402589028352_o-300x300.jpg 300w, https:\/\/www.ashtangayogaitaly.com\/wp-content\/uploads\/2019\/09\/70496491_2414680805280958_3125119402589028352_o-768x768.jpg 768w, https:\/\/www.ashtangayogaitaly.com\/wp-content\/uploads\/2019\/09\/70496491_2414680805280958_3125119402589028352_o-100x100.jpg 100w, https:\/\/www.ashtangayogaitaly.com\/wp-content\/uploads\/2019\/09\/70496491_2414680805280958_3125119402589028352_o.jpg 1080w\" sizes=\"auto, (max-width: 525px) 100vw, 525px\" \/><\/p>\n<h1 style=\"text-align: center;\"><strong>Shala <em>etiquette <\/em>e informazioni<\/strong><\/h1>\n<p><img loading=\"lazy\" decoding=\"async\" class=\"alignnone size-large wp-image-709 aligncenter\" src=\"https:\/\/www.ashtangayogaitaly.com\/wp-content\/uploads\/2018\/05\/IMG_0975-1-1024x683.jpg\" alt=\"\" width=\"525\" height=\"350\" srcset=\"https:\/\/www.ashtangayogaitaly.com\/wp-content\/uploads\/2018\/05\/IMG_0975-1-1024x683.jpg 1024w, https:\/\/www.ashtangayogaitaly.com\/wp-content\/uploads\/2018\/05\/IMG_0975-1-300x200.jpg 300w, https:\/\/www.ashtangayogaitaly.com\/wp-content\/uploads\/2018\/05\/IMG_0975-1-768x512.jpg 768w\" sizes=\"auto, (max-width: 525px) 100vw, 525px\" \/><\/p>\n<p style=\"text-align: center;\"><strong>Il nostro ethos<\/strong><\/p>\n<p>Alla Shala insegniamo uno stile tradizionale, il che significa che di solito daremo aggiustamenti fisici e pratici. Mentre cerchiamo di garantire che questi siano benefici e sicuri, riconosciamo che alcune persone preferiscano farne a meno. Desideriamo assicurare a chiunque venga nella nostra Shala di essere libero di dire no agli aggiustamenti in qualsiasi momento e rispettando la volont\u00e0 di ognuno senza chiedere spiegazioni a riguardo. Da parte vostra:<\/p>\n<p class=\"p1\">La pratica viene insegnata nello stile tradizionale, perci\u00f2 ti invitiamo a evitare modifiche, l\u2019uso di supporti o deviazioni dalla sequenza originale. Eventuali adattamenti necessari per rispettare il corpo, l\u2019et\u00e0 o le esigenze fisiche di ciascuno verranno proposti con cura e nel pieno rispetto di questi fattori, basandosi sull\u2019esperienza diretta dell\u2019insegnante.<\/p>\n<p>Si prega di arrivare in tempo, di essere rispettosi degli orari di chiusura di shala, di utilizzare il telefono in modalit\u00e0 silenziosa;<\/p>\n<p>Si prega di lavare regolarmente sia il tappetino yoga in cotone che il tappetino yoga, di essere rispettoso degli altri studenti e lo spazio che stanno praticando riducendo al minimo la conversazione;<\/p>\n<p>Si prega di informare l&#8217;insegnante in piena fiducia di lesioni, operazioni, gravidanza o simili;<\/p>\n<p>Non mangiare un pasto per 2-3 ore prima di frequentare la lezione, di non mangiare o bere per 20-40 minuti dopo la lezione;<\/p>\n<p>Riciclo e limitazione dei contenitori di plastica sulla propriet\u00e0 per noi \u00e9 importante; La Calabria \u00e8 un luogo visitatissimo nelle stagioni Estive e difficilmente il terriotorio e chi lo gestisce riesce a smaltire l aumento di rifiuti. Educhiamo inoltre la gente del posto alla cultura del riciclo e della pulizia dei luoghi comuni.<\/p>\n<p>Una pratica di asana dovrebbe sempre essere accompagnata da riposo e tempo per noi stessi; Studio autonomo come lettura, meditazione, canto \u00e9 suggerito nei giorni di riposo.<\/p>\n<p><img loading=\"lazy\" decoding=\"async\" class=\"size-full wp-image-1400 aligncenter\" src=\"https:\/\/www.ashtangayogaitaly.com\/wp-content\/uploads\/2020\/09\/IMG_4316-2.jpg\" alt=\"\" width=\"816\" height=\"815\" srcset=\"https:\/\/www.ashtangayogaitaly.com\/wp-content\/uploads\/2020\/09\/IMG_4316-2.jpg 816w, https:\/\/www.ashtangayogaitaly.com\/wp-content\/uploads\/2020\/09\/IMG_4316-2-150x150.jpg 150w, https:\/\/www.ashtangayogaitaly.com\/wp-content\/uploads\/2020\/09\/IMG_4316-2-300x300.jpg 300w, https:\/\/www.ashtangayogaitaly.com\/wp-content\/uploads\/2020\/09\/IMG_4316-2-768x767.jpg 768w, https:\/\/www.ashtangayogaitaly.com\/wp-content\/uploads\/2020\/09\/IMG_4316-2-100x100.jpg 100w\" sizes=\"auto, (max-width: 767px) 89vw, (max-width: 1000px) 54vw, (max-width: 1071px) 543px, 580px\" \/><\/p>\n<p>Mese intero = 108 euro<\/p>\n<p>1 settimana\u00a0 = 80.00 euro<\/p>\n<p>Singola classe (drop-in)\u00a0 = 20.00 euro<\/p>\n<div class=\"o9v6fnle cxmmr5t8 oygrvhab hcukyx3x c1et5uql ii04i59q\">\n<div dir=\"auto\"><strong>Nel caso in cui qualcuno non sia davvero in grado di pagare l&#8217;importo, invia un&#8217;e-mail a info@simonanucera.com<\/strong><\/div>\n<div dir=\"auto\"><\/div>\n<\/div>\n<div class=\"o9v6fnle cxmmr5t8 oygrvhab hcukyx3x c1et5uql ii04i59q\">\n<div dir=\"auto\">La conoscenza che troverai qui non ha prezzo. Nessun denaro al mondo potrebbe eguagliare il suo valore. Le persone che insegnano qui hanno ricevuto questa conoscenza attraverso la pura generosit\u00e0 dei loro insegnanti.<\/div>\n<div dir=\"auto\"><\/div>\n<\/div>\n<div class=\"o9v6fnle cxmmr5t8 oygrvhab hcukyx3x c1et5uql ii04i59q\">\n<div dir=\"auto\">Riteniamo che lo Yoga venga monetizzato, &#8220;venduto&#8221; e sottratto in modo improprio ed \u00e8 in linea con la nostra filosofia di non aderire a questo sfortunato movimento. Le quote che chiediamo, servono per pagare la nostra formazione e le spese vive, ma servono anche per dare la possibilit\u00e1 a chi non pu\u00f3 pagare le classi di poter partecipare.<\/div>\n<\/div>\n<div class=\"o9v6fnle cxmmr5t8 oygrvhab hcukyx3x c1et5uql ii04i59q\">\n<div dir=\"auto\"><\/div>\n<\/div>\n<p><span style=\"border-radius: 2px; text-indent: 20px; width: auto; padding: 0px 4px 0px 0px; text-align: center; font: bold 11px\/20px 'Helvetica Neue',Helvetica,sans-serif; color: #ffffff; background: #bd081c no-repeat scroll 3px 50% \/ 14px 14px; position: absolute; opacity: 1; z-index: 8675311; display: none; cursor: pointer; top: 10984px; left: 50px;\">Save<\/span><\/p>\n<p><span style=\"border-radius: 2px; text-indent: 20px; width: auto; padding: 0px 4px 0px 0px; text-align: center; font: bold 11px\/20px 'Helvetica Neue',Helvetica,sans-serif; color: #ffffff; background: #bd081c no-repeat scroll 3px 50% \/ 14px 14px; position: absolute; opacity: 1; z-index: 8675311; display: none; cursor: pointer; top: 10881px; left: 50px;\">Save<\/span><\/p>\n<p><span style=\"border-radius: 2px; text-indent: 20px; width: auto; padding: 0px 4px 0px 0px; text-align: center; font: bold 11px\/20px 'Helvetica Neue',Helvetica,sans-serif; color: #ffffff; background: #bd081c  no-repeat scroll 3px 50% \/ 14px 14px; position: absolute; opacity: 1; z-index: 8675311; display: none; cursor: pointer; top: 238px; left: 50px;\">Save<\/span><\/p>\n","protected":false},"excerpt":{"rendered":"<p>A\u1e63\u1e6d\u0101\u1e45ga: 20 Giungo\/ 13 Settembre\u00a0 La pratica accoglie chi arriva con sincerit\u00e0 Ogni estate la Shala accoglie una comunit\u00e0 eterogenea di studenti, dai praticanti alla prima esperienza agli allievi di lunga data, cos\u00ec come famiglie con bambini. Ci impegniamo con cura affinch\u00e9 chiunque venga a praticare con noi si senta accolto e a proprio agio. &hellip; <\/p>\n<p class=\"link-more\"><a href=\"https:\/\/www.ashtangayogaitaly.com\/it\/2279-2\/\" class=\"more-link\">Leggi tutto<span class=\"screen-reader-text\"> &#8220;&#8221;<\/span><\/a><\/p>\n","protected":false},"author":1,"featured_media":703,"parent":0,"menu_order":0,"comment_status":"closed","ping_status":"closed","template":"","meta":{"footnotes":""},"class_list":["post-2279","page","type-page","status-publish","has-post-thumbnail","hentry"],"yoast_head":"<!-- This site is optimized with the Yoast SEO plugin v27.2 - https:\/\/yoast.com\/product\/yoast-seo-wordpress\/ -->\n<title>- Ashtanga Yoga Italy<\/title>\n<meta name=\"robots\" content=\"index, follow, max-snippet:-1, max-image-preview:large, max-video-preview:-1\" \/>\n<link rel=\"canonical\" href=\"https:\/\/www.ashtangayogaitaly.com\/it\/2279-2\/\" \/>\n<meta property=\"og:locale\" content=\"it_IT\" \/>\n<meta property=\"og:type\" content=\"article\" \/>\n<meta property=\"og:title\" content=\"- Ashtanga Yoga Italy\" \/>\n<meta property=\"og:description\" content=\"A\u1e63\u1e6d\u0101\u1e45ga: 20 Giungo\/ 13 Settembre\u00a0 La pratica accoglie chi arriva con sincerit\u00e0 Ogni estate la Shala accoglie una comunit\u00e0 eterogenea di studenti, dai praticanti alla prima esperienza agli allievi di lunga data, cos\u00ec come famiglie con bambini. Ci impegniamo con cura affinch\u00e9 chiunque venga a praticare con noi si senta accolto e a proprio agio. &hellip; Leggi tutto &quot;&quot;\" \/>\n<meta property=\"og:url\" content=\"https:\/\/www.ashtangayogaitaly.com\/it\/2279-2\/\" \/>\n<meta property=\"og:site_name\" content=\"Ashtanga Yoga Italy\" \/>\n<meta property=\"article:publisher\" content=\"https:\/\/www.facebook.com\/ShalaMandala\/\" \/>\n<meta property=\"article:modified_time\" content=\"2026-04-18T10:23:04+00:00\" \/>\n<meta property=\"og:image\" content=\"https:\/\/www.ashtangayogaitaly.com\/wp-content\/uploads\/2018\/05\/IMG_2572.jpg\" \/>\n\t<meta property=\"og:image:width\" content=\"2048\" \/>\n\t<meta property=\"og:image:height\" content=\"1150\" \/>\n\t<meta property=\"og:image:type\" content=\"image\/jpeg\" \/>\n<meta name=\"twitter:card\" content=\"summary_large_image\" \/>\n<meta name=\"twitter:site\" content=\"@girlsenroute\" \/>\n<meta name=\"twitter:label1\" content=\"Tempo di lettura stimato\" \/>\n\t<meta name=\"twitter:data1\" content=\"4 minuti\" \/>\n<script type=\"application\/ld+json\" class=\"yoast-schema-graph\">{\"@context\":\"https:\/\/schema.org\",\"@graph\":[{\"@type\":\"WebPage\",\"@id\":\"https:\/\/www.ashtangayogaitaly.com\/it\/2279-2\/\",\"url\":\"https:\/\/www.ashtangayogaitaly.com\/it\/2279-2\/\",\"name\":\"- Ashtanga Yoga Italy\",\"isPartOf\":{\"@id\":\"https:\/\/www.ashtangayogaitaly.com\/#website\"},\"primaryImageOfPage\":{\"@id\":\"https:\/\/www.ashtangayogaitaly.com\/it\/2279-2\/#primaryimage\"},\"image\":{\"@id\":\"https:\/\/www.ashtangayogaitaly.com\/it\/2279-2\/#primaryimage\"},\"thumbnailUrl\":\"https:\/\/www.ashtangayogaitaly.com\/wp-content\/uploads\/2018\/05\/IMG_2572.jpg\",\"datePublished\":\"2026-01-10T17:56:43+00:00\",\"dateModified\":\"2026-04-18T10:23:04+00:00\",\"inLanguage\":\"it-IT\",\"potentialAction\":[{\"@type\":\"ReadAction\",\"target\":[\"https:\/\/www.ashtangayogaitaly.com\/it\/2279-2\/\"]}]},{\"@type\":\"ImageObject\",\"inLanguage\":\"it-IT\",\"@id\":\"https:\/\/www.ashtangayogaitaly.com\/it\/2279-2\/#primaryimage\",\"url\":\"https:\/\/www.ashtangayogaitaly.com\/wp-content\/uploads\/2018\/05\/IMG_2572.jpg\",\"contentUrl\":\"https:\/\/www.ashtangayogaitaly.com\/wp-content\/uploads\/2018\/05\/IMG_2572.jpg\",\"width\":2048,\"height\":1150},{\"@type\":\"WebSite\",\"@id\":\"https:\/\/www.ashtangayogaitaly.com\/#website\",\"url\":\"https:\/\/www.ashtangayogaitaly.com\/\",\"name\":\"Shala Mandala\",\"description\":\"Yoga and Meditation community\",\"publisher\":{\"@id\":\"https:\/\/www.ashtangayogaitaly.com\/#organization\"},\"potentialAction\":[{\"@type\":\"SearchAction\",\"target\":{\"@type\":\"EntryPoint\",\"urlTemplate\":\"https:\/\/www.ashtangayogaitaly.com\/?s={search_term_string}\"},\"query-input\":{\"@type\":\"PropertyValueSpecification\",\"valueRequired\":true,\"valueName\":\"search_term_string\"}}],\"inLanguage\":\"it-IT\"},{\"@type\":\"Organization\",\"@id\":\"https:\/\/www.ashtangayogaitaly.com\/#organization\",\"name\":\"Shala Mandala Yoga Retreat\",\"url\":\"https:\/\/www.ashtangayogaitaly.com\/\",\"logo\":{\"@type\":\"ImageObject\",\"inLanguage\":\"it-IT\",\"@id\":\"https:\/\/www.ashtangayogaitaly.com\/#\/schema\/logo\/image\/\",\"url\":\"https:\/\/www.ashtangayogaitaly.com\/wp-content\/uploads\/2017\/05\/shala.jpg\",\"contentUrl\":\"https:\/\/www.ashtangayogaitaly.com\/wp-content\/uploads\/2017\/05\/shala.jpg\",\"width\":960,\"height\":640,\"caption\":\"Shala Mandala Yoga Retreat\"},\"image\":{\"@id\":\"https:\/\/www.ashtangayogaitaly.com\/#\/schema\/logo\/image\/\"},\"sameAs\":[\"https:\/\/www.facebook.com\/ShalaMandala\/\",\"https:\/\/x.com\/girlsenroute\",\"https:\/\/www.instagram.com\/shalamandala\"]}]}<\/script>\n<!-- \/ Yoast SEO plugin. -->","yoast_head_json":{"title":"- Ashtanga Yoga Italy","robots":{"index":"index","follow":"follow","max-snippet":"max-snippet:-1","max-image-preview":"max-image-preview:large","max-video-preview":"max-video-preview:-1"},"canonical":"https:\/\/www.ashtangayogaitaly.com\/it\/2279-2\/","og_locale":"it_IT","og_type":"article","og_title":"- Ashtanga Yoga Italy","og_description":"A\u1e63\u1e6d\u0101\u1e45ga: 20 Giungo\/ 13 Settembre\u00a0 La pratica accoglie chi arriva con sincerit\u00e0 Ogni estate la Shala accoglie una comunit\u00e0 eterogenea di studenti, dai praticanti alla prima esperienza agli allievi di lunga data, cos\u00ec come famiglie con bambini. Ci impegniamo con cura affinch\u00e9 chiunque venga a praticare con noi si senta accolto e a proprio agio. &hellip; Leggi tutto \"\"","og_url":"https:\/\/www.ashtangayogaitaly.com\/it\/2279-2\/","og_site_name":"Ashtanga Yoga Italy","article_publisher":"https:\/\/www.facebook.com\/ShalaMandala\/","article_modified_time":"2026-04-18T10:23:04+00:00","og_image":[{"width":2048,"height":1150,"url":"https:\/\/www.ashtangayogaitaly.com\/wp-content\/uploads\/2018\/05\/IMG_2572.jpg","type":"image\/jpeg"}],"twitter_card":"summary_large_image","twitter_site":"@girlsenroute","twitter_misc":{"Tempo di lettura stimato":"4 minuti"},"schema":{"@context":"https:\/\/schema.org","@graph":[{"@type":"WebPage","@id":"https:\/\/www.ashtangayogaitaly.com\/it\/2279-2\/","url":"https:\/\/www.ashtangayogaitaly.com\/it\/2279-2\/","name":"- Ashtanga Yoga Italy","isPartOf":{"@id":"https:\/\/www.ashtangayogaitaly.com\/#website"},"primaryImageOfPage":{"@id":"https:\/\/www.ashtangayogaitaly.com\/it\/2279-2\/#primaryimage"},"image":{"@id":"https:\/\/www.ashtangayogaitaly.com\/it\/2279-2\/#primaryimage"},"thumbnailUrl":"https:\/\/www.ashtangayogaitaly.com\/wp-content\/uploads\/2018\/05\/IMG_2572.jpg","datePublished":"2026-01-10T17:56:43+00:00","dateModified":"2026-04-18T10:23:04+00:00","inLanguage":"it-IT","potentialAction":[{"@type":"ReadAction","target":["https:\/\/www.ashtangayogaitaly.com\/it\/2279-2\/"]}]},{"@type":"ImageObject","inLanguage":"it-IT","@id":"https:\/\/www.ashtangayogaitaly.com\/it\/2279-2\/#primaryimage","url":"https:\/\/www.ashtangayogaitaly.com\/wp-content\/uploads\/2018\/05\/IMG_2572.jpg","contentUrl":"https:\/\/www.ashtangayogaitaly.com\/wp-content\/uploads\/2018\/05\/IMG_2572.jpg","width":2048,"height":1150},{"@type":"WebSite","@id":"https:\/\/www.ashtangayogaitaly.com\/#website","url":"https:\/\/www.ashtangayogaitaly.com\/","name":"Shala Mandala","description":"Yoga and Meditation community","publisher":{"@id":"https:\/\/www.ashtangayogaitaly.com\/#organization"},"potentialAction":[{"@type":"SearchAction","target":{"@type":"EntryPoint","urlTemplate":"https:\/\/www.ashtangayogaitaly.com\/?s={search_term_string}"},"query-input":{"@type":"PropertyValueSpecification","valueRequired":true,"valueName":"search_term_string"}}],"inLanguage":"it-IT"},{"@type":"Organization","@id":"https:\/\/www.ashtangayogaitaly.com\/#organization","name":"Shala Mandala Yoga Retreat","url":"https:\/\/www.ashtangayogaitaly.com\/","logo":{"@type":"ImageObject","inLanguage":"it-IT","@id":"https:\/\/www.ashtangayogaitaly.com\/#\/schema\/logo\/image\/","url":"https:\/\/www.ashtangayogaitaly.com\/wp-content\/uploads\/2017\/05\/shala.jpg","contentUrl":"https:\/\/www.ashtangayogaitaly.com\/wp-content\/uploads\/2017\/05\/shala.jpg","width":960,"height":640,"caption":"Shala Mandala Yoga Retreat"},"image":{"@id":"https:\/\/www.ashtangayogaitaly.com\/#\/schema\/logo\/image\/"},"sameAs":["https:\/\/www.facebook.com\/ShalaMandala\/","https:\/\/x.com\/girlsenroute","https:\/\/www.instagram.com\/shalamandala"]}]}},"_links":{"self":[{"href":"https:\/\/www.ashtangayogaitaly.com\/it\/wp-json\/wp\/v2\/pages\/2279","targetHints":{"allow":["GET"]}}],"collection":[{"href":"https:\/\/www.ashtangayogaitaly.com\/it\/wp-json\/wp\/v2\/pages"}],"about":[{"href":"https:\/\/www.ashtangayogaitaly.com\/it\/wp-json\/wp\/v2\/types\/page"}],"author":[{"embeddable":true,"href":"https:\/\/www.ashtangayogaitaly.com\/it\/wp-json\/wp\/v2\/users\/1"}],"replies":[{"embeddable":true,"href":"https:\/\/www.ashtangayogaitaly.com\/it\/wp-json\/wp\/v2\/comments?post=2279"}],"version-history":[{"count":5,"href":"https:\/\/www.ashtangayogaitaly.com\/it\/wp-json\/wp\/v2\/pages\/2279\/revisions"}],"predecessor-version":[{"id":2638,"href":"https:\/\/www.ashtangayogaitaly.com\/it\/wp-json\/wp\/v2\/pages\/2279\/revisions\/2638"}],"wp:featuredmedia":[{"embeddable":true,"href":"https:\/\/www.ashtangayogaitaly.com\/it\/wp-json\/wp\/v2\/media\/703"}],"wp:attachment":[{"href":"https:\/\/www.ashtangayogaitaly.com\/it\/wp-json\/wp\/v2\/media?parent=2279"}],"curies":[{"name":"wp","href":"https:\/\/api.w.org\/{rel}","templated":true}]}}