{"id":2231,"date":"2026-01-10T18:59:22","date_gmt":"2026-01-10T17:59:22","guid":{"rendered":"https:\/\/www.ashtangayogaitaly.com\/?page_id=2231"},"modified":"2026-04-04T13:58:27","modified_gmt":"2026-04-04T11:58:27","slug":"eventi-2025-3","status":"publish","type":"page","link":"https:\/\/www.ashtangayogaitaly.com\/it\/eventi-2025-3\/","title":{"rendered":"Eventi 2026"},"content":{"rendered":"\n<h2 class=\"wp-block-heading\"><strong>ALCHIMIA DELLO YOGA<\/strong><br><strong>4 \u2013 10 giugno 2026<\/strong><br><strong>Calabria, Italia<\/strong><\/h2>\n\n\n\n<figure class=\"wp-block-image size-large\"><img loading=\"lazy\" decoding=\"async\" width=\"1024\" height=\"683\" src=\"https:\/\/www.ashtangayogaitaly.com\/wp-content\/uploads\/2026\/01\/412056_10150676941083915_408886055_o-1024x683.jpg\" alt=\"\" class=\"wp-image-2500\" srcset=\"https:\/\/www.ashtangayogaitaly.com\/wp-content\/uploads\/2026\/01\/412056_10150676941083915_408886055_o-1024x683.jpg 1024w, https:\/\/www.ashtangayogaitaly.com\/wp-content\/uploads\/2026\/01\/412056_10150676941083915_408886055_o-300x200.jpg 300w, https:\/\/www.ashtangayogaitaly.com\/wp-content\/uploads\/2026\/01\/412056_10150676941083915_408886055_o-768x512.jpg 768w, https:\/\/www.ashtangayogaitaly.com\/wp-content\/uploads\/2026\/01\/412056_10150676941083915_408886055_o-1536x1025.jpg 1536w, https:\/\/www.ashtangayogaitaly.com\/wp-content\/uploads\/2026\/01\/412056_10150676941083915_408886055_o.jpg 2048w\" sizes=\"auto, (max-width: 767px) 89vw, (max-width: 1000px) 54vw, (max-width: 1071px) 543px, 580px\" \/><\/figure>\n\n\n\n<hr class=\"wp-block-separator has-alpha-channel-opacity\"\/>\n\n\n\n<h3 class=\"wp-block-heading\">Informazioni sul ritiro<\/h3>\n\n\n\n<p>Questo ritiro \u00e8 dedicato al <strong>vivere nello yoga<\/strong>, al vivere in <strong>unit\u00e0 dentro di s\u00e9 e con l\u2019ambiente<\/strong>.<\/p>\n\n\n\n<p>Insieme esploreremo l\u2019<strong>alchimia del corpo, della mente e dell\u2019anima<\/strong>, focalizzandoci ogni giorno su uno specifico <strong>mito indiano<\/strong>.<\/p>\n\n\n\n<p>Il ritiro \u00e8 pensato per tutte le persone che desiderano intraprendere una <strong>trasformazione alchemica<\/strong> a livello mentale, fisico, psicologico e spirituale, e che amano la sperimentazione, l\u2019avventura e la vita di comunit\u00e0.<\/p>\n\n\n\n<p>Attraverso i workshop avrai anche la possibilit\u00e0 di fare esperienza di <strong>musica classica indiana (Raga)<\/strong>, <strong>massaggi<\/strong>, <strong>aromaterapia<\/strong>, cenni di <strong>Ayurveda<\/strong>, <strong>veganismo<\/strong> e <strong>digiuno intermittente<\/strong>.<\/p>\n\n\n\n<hr class=\"wp-block-separator has-alpha-channel-opacity\"\/>\n\n\n\n<h3 class=\"wp-block-heading\">WORKSHOP<\/h3>\n\n\n\n<p>Pratica ispirata al Jivamukti | Allineamento | Breathwork | Meditazione Vedica | Filosofia dello Yoga | Cerchio di canto | Embodiment Labs | Viaggi sonori | Mitologia indiana<\/p>\n\n\n\n<hr class=\"wp-block-separator has-alpha-channel-opacity\"\/>\n\n\n\n<h3 class=\"wp-block-heading\">ESPLOREREMO<\/h3>\n\n\n\n<ul class=\"wp-block-list\">\n<li>Tecniche di meditazione e respirazione<\/li>\n\n\n\n<li>Fondamenti dello yoga e allineamento<\/li>\n\n\n\n<li>Hatha Vinyasa Yoga e pratiche di embodiment<\/li>\n\n\n\n<li>Mantra e suono<\/li>\n\n\n\n<li>Strumenti di integrazione per la trasformazione<\/li>\n\n\n\n<li>Contemplazione della natura<\/li>\n\n\n\n<li>Mitologia e musica indiana<\/li>\n<\/ul>\n\n\n\n<hr class=\"wp-block-separator has-alpha-channel-opacity\"\/>\n\n\n\n<h3 class=\"wp-block-heading\">Programma giornaliero<\/h3>\n\n\n\n<p>08:00 \u2013 08:30 \u2013 Meditazione<br>09:00 \u2013 10:30 \u2013 Pratica di Hatha Vinyasa<br>11:00 \u2013 Buffet di frutta<br>12:30 \u2013 Pranzo<br>14:00 \u2013 16:00 \u2013 Tempo libero<br>16:00 \u2013 19:00 \u2013 Workshop<br>19:30 \u2013 Cena<br>21:00 \u2013 22:00 \u2013 Pratiche serali<\/p>\n\n\n\n<p><em>La struttura del programma potr\u00e0 subire variazioni nell\u2019ordine e negli orari delle attivit\u00e0 in base alle esigenze del gruppo.<\/em><\/p>\n\n\n\n<hr class=\"wp-block-separator has-alpha-channel-opacity\"\/>\n\n\n\n<h3 class=\"wp-block-heading\">Prezzo &amp; Sistemazione<\/h3>\n\n\n\n<p>Ritiro di <strong>7 giorni (6 notti)<\/strong> comprensivo di tutte le classi e i workshop, alloggio al <strong>Borgo degli Ulivi<\/strong> e <strong>due buffet fatti in casa<\/strong> basati sul digiuno intermittente, con pasti serviti alle <strong>12:30<\/strong> e alle <strong>19:30<\/strong>.<\/p>\n\n\n\n<p>Il prezzo comprende tutto per la settimana, <strong>esclusi<\/strong> voli, escursioni facoltative e trasporto privato per raggiungere la sede del ritiro.<\/p>\n\n\n\n<hr class=\"wp-block-separator has-alpha-channel-opacity\"\/>\n\n\n\n<h3 class=\"wp-block-heading\">Camere<\/h3>\n\n\n\n<ul class=\"wp-block-list\">\n<li><strong>Tripla<\/strong> \u2013 820 \u20ac<\/li>\n\n\n\n<li><strong>Doppia<\/strong> \u2013 860 \u20ac<\/li>\n\n\n\n<li><strong>Singola<\/strong> \u2013 980 \u20ac<\/li>\n<\/ul>\n\n\n\n<hr class=\"wp-block-separator has-alpha-channel-opacity\"\/>\n\n\n\n<p><strong>Check-in:<\/strong> 4 giugno \u2013 ore 15:00, con registrazione e pagamento della tassa di soggiorno (3 \u20ac \/ giorno)<br><strong>Check-out:<\/strong> 10 giugno \u2013 ore 10:00<\/p>\n\n\n\n<p><\/p>\n\n\n\n<h1 class=\"wp-block-heading has-text-align-left\"><strong>Un\u2019immersione nella pratica tradizionale<\/strong><\/h1>\n\n\n\n<p class=\"has-text-align-center\">Un ritiro dedicato ad approfondire la pratica dell\u2019Ashtanga Yoga secondo il metodo Mysore.<br>Attraverso una pratica costante, assistenza individuale hands-on e momenti di studio, esploreremo gli aspetti pi\u00f9 profondi della disciplina<\/p>\n\n\n\n<figure class=\"wp-block-image size-large\"><img loading=\"lazy\" decoding=\"async\" width=\"1024\" height=\"1024\" src=\"https:\/\/www.ashtangayogaitaly.com\/wp-content\/uploads\/2026\/04\/1-1024x1024.png\" alt=\"\" class=\"wp-image-2611\" srcset=\"https:\/\/www.ashtangayogaitaly.com\/wp-content\/uploads\/2026\/04\/1-1024x1024.png 1024w, https:\/\/www.ashtangayogaitaly.com\/wp-content\/uploads\/2026\/04\/1-300x300.png 300w, https:\/\/www.ashtangayogaitaly.com\/wp-content\/uploads\/2026\/04\/1-150x150.png 150w, https:\/\/www.ashtangayogaitaly.com\/wp-content\/uploads\/2026\/04\/1-768x768.png 768w, https:\/\/www.ashtangayogaitaly.com\/wp-content\/uploads\/2026\/04\/1-100x100.png 100w, https:\/\/www.ashtangayogaitaly.com\/wp-content\/uploads\/2026\/04\/1.png 1080w\" sizes=\"auto, (max-width: 767px) 89vw, (max-width: 1000px) 54vw, (max-width: 1071px) 543px, 580px\" \/><\/figure>\n\n\n\n<h2 class=\"wp-block-heading\"> Il programma<\/h2>\n\n\n\n<h3 class=\"wp-block-heading\">\ud83c\udf05 Mattina<\/h3>\n\n\n\n<ul class=\"wp-block-list\">\n<li>Pratica Mysore (Primary \u2013 Intermediate)<\/li>\n<\/ul>\n\n\n\n<h3 class=\"wp-block-heading\">\ud83c\udf3f Pomeriggio<\/h3>\n\n\n\n<ul class=\"wp-block-list\">\n<li>Allineamento e tecnica<\/li>\n\n\n\n<li>Meditazione \/ chanting<\/li>\n\n\n\n<li>Spazio per domande e condivisione<\/li>\n\n\n\n<li>Approfondimento delle posture<\/li>\n\n\n\n<li>Elementi di filosofia dell\u2019Ashtanga<\/li>\n<\/ul>\n\n\n\n<hr class=\"wp-block-separator has-alpha-channel-opacity\"\/>\n\n\n\n<h2 class=\"wp-block-heading\">\ud83e\udded Per chi \u00e8<\/h2>\n\n\n\n<ul class=\"wp-block-list\">\n<li>Praticanti Primary e Full Intermediate<\/li>\n\n\n\n<li>Studenti Mysore<\/li>\n\n\n\n<li>Insegnanti e praticanti dedicati<\/li>\n<\/ul>\n\n\n\n<hr class=\"wp-block-separator has-alpha-channel-opacity\"\/>\n\n\n\n<h2 class=\"wp-block-heading\">\ud83d\udccd Location<\/h2>\n\n\n\n<p>Immerso nella natura di Sellia Marina<\/p>\n\n\n\n<hr class=\"wp-block-separator has-alpha-channel-opacity\"\/>\n\n\n\n<h2 class=\"wp-block-heading\">\u2139\ufe0f Info &amp; Prenotazioni<\/h2>\n\n\n\n<p>Per costi e informazioni, contattare Maril\u00f9<\/p>\n\n\n\n<hr class=\"wp-block-separator has-alpha-channel-opacity\"\/>\n\n\n\n<p class=\"has-text-align-center\"><\/p>\n","protected":false},"excerpt":{"rendered":"<p>ALCHIMIA DELLO YOGA4 \u2013 10 giugno 2026Calabria, Italia Informazioni sul ritiro Questo ritiro \u00e8 dedicato al vivere nello yoga, al vivere in unit\u00e0 dentro di s\u00e9 e con l\u2019ambiente. Insieme esploreremo l\u2019alchimia del corpo, della mente e dell\u2019anima, focalizzandoci ogni giorno su uno specifico mito indiano. Il ritiro \u00e8 pensato per tutte le persone che &hellip; <\/p>\n<p class=\"link-more\"><a href=\"https:\/\/www.ashtangayogaitaly.com\/it\/eventi-2025-3\/\" class=\"more-link\">Leggi tutto<span class=\"screen-reader-text\"> &#8220;Eventi 2026&#8221;<\/span><\/a><\/p>\n","protected":false},"author":1,"featured_media":1277,"parent":0,"menu_order":0,"comment_status":"closed","ping_status":"closed","template":"","meta":{"footnotes":""},"class_list":["post-2231","page","type-page","status-publish","has-post-thumbnail","hentry"],"yoast_head":"<!-- This site is optimized with the Yoast SEO plugin v27.2 - https:\/\/yoast.com\/product\/yoast-seo-wordpress\/ -->\n<title>Eventi 2026 - Ashtanga Yoga Italy<\/title>\n<meta name=\"robots\" content=\"index, follow, max-snippet:-1, max-image-preview:large, max-video-preview:-1\" \/>\n<link rel=\"canonical\" href=\"https:\/\/www.ashtangayogaitaly.com\/it\/eventi-2025-3\/\" \/>\n<meta property=\"og:locale\" content=\"it_IT\" \/>\n<meta property=\"og:type\" content=\"article\" \/>\n<meta property=\"og:title\" content=\"Eventi 2026 - Ashtanga Yoga Italy\" \/>\n<meta property=\"og:description\" content=\"ALCHIMIA DELLO YOGA4 \u2013 10 giugno 2026Calabria, Italia Informazioni sul ritiro Questo ritiro \u00e8 dedicato al vivere nello yoga, al vivere in unit\u00e0 dentro di s\u00e9 e con l\u2019ambiente. Insieme esploreremo l\u2019alchimia del corpo, della mente e dell\u2019anima, focalizzandoci ogni giorno su uno specifico mito indiano. Il ritiro \u00e8 pensato per tutte le persone che &hellip; Leggi tutto &quot;Eventi 2026&quot;\" \/>\n<meta property=\"og:url\" content=\"https:\/\/www.ashtangayogaitaly.com\/it\/eventi-2025-3\/\" \/>\n<meta property=\"og:site_name\" content=\"Ashtanga Yoga Italy\" \/>\n<meta property=\"article:publisher\" content=\"https:\/\/www.facebook.com\/ShalaMandala\/\" \/>\n<meta property=\"article:modified_time\" content=\"2026-04-04T11:58:27+00:00\" \/>\n<meta property=\"og:image\" content=\"https:\/\/www.ashtangayogaitaly.com\/wp-content\/uploads\/2020\/09\/B600D63B-118C-409F-802D-289A2AD53B6B.jpg\" \/>\n\t<meta property=\"og:image:width\" content=\"1200\" \/>\n\t<meta property=\"og:image:height\" content=\"900\" \/>\n\t<meta property=\"og:image:type\" content=\"image\/jpeg\" \/>\n<meta name=\"twitter:card\" content=\"summary_large_image\" \/>\n<meta name=\"twitter:site\" content=\"@girlsenroute\" \/>\n<meta name=\"twitter:label1\" content=\"Tempo di lettura stimato\" \/>\n\t<meta name=\"twitter:data1\" content=\"3 minuti\" \/>\n<script type=\"application\/ld+json\" class=\"yoast-schema-graph\">{\"@context\":\"https:\/\/schema.org\",\"@graph\":[{\"@type\":\"WebPage\",\"@id\":\"https:\/\/www.ashtangayogaitaly.com\/it\/eventi-2025-3\/\",\"url\":\"https:\/\/www.ashtangayogaitaly.com\/it\/eventi-2025-3\/\",\"name\":\"Eventi 2026 - Ashtanga Yoga Italy\",\"isPartOf\":{\"@id\":\"https:\/\/www.ashtangayogaitaly.com\/#website\"},\"primaryImageOfPage\":{\"@id\":\"https:\/\/www.ashtangayogaitaly.com\/it\/eventi-2025-3\/#primaryimage\"},\"image\":{\"@id\":\"https:\/\/www.ashtangayogaitaly.com\/it\/eventi-2025-3\/#primaryimage\"},\"thumbnailUrl\":\"https:\/\/www.ashtangayogaitaly.com\/wp-content\/uploads\/2020\/09\/B600D63B-118C-409F-802D-289A2AD53B6B.jpg\",\"datePublished\":\"2026-01-10T17:59:22+00:00\",\"dateModified\":\"2026-04-04T11:58:27+00:00\",\"breadcrumb\":{\"@id\":\"https:\/\/www.ashtangayogaitaly.com\/it\/eventi-2025-3\/#breadcrumb\"},\"inLanguage\":\"it-IT\",\"potentialAction\":[{\"@type\":\"ReadAction\",\"target\":[\"https:\/\/www.ashtangayogaitaly.com\/it\/eventi-2025-3\/\"]}]},{\"@type\":\"ImageObject\",\"inLanguage\":\"it-IT\",\"@id\":\"https:\/\/www.ashtangayogaitaly.com\/it\/eventi-2025-3\/#primaryimage\",\"url\":\"https:\/\/www.ashtangayogaitaly.com\/wp-content\/uploads\/2020\/09\/B600D63B-118C-409F-802D-289A2AD53B6B.jpg\",\"contentUrl\":\"https:\/\/www.ashtangayogaitaly.com\/wp-content\/uploads\/2020\/09\/B600D63B-118C-409F-802D-289A2AD53B6B.jpg\",\"width\":1200,\"height\":900},{\"@type\":\"BreadcrumbList\",\"@id\":\"https:\/\/www.ashtangayogaitaly.com\/it\/eventi-2025-3\/#breadcrumb\",\"itemListElement\":[{\"@type\":\"ListItem\",\"position\":1,\"name\":\"Home\",\"item\":\"https:\/\/www.ashtangayogaitaly.com\/it\/\"},{\"@type\":\"ListItem\",\"position\":2,\"name\":\"Eventi 2026\"}]},{\"@type\":\"WebSite\",\"@id\":\"https:\/\/www.ashtangayogaitaly.com\/#website\",\"url\":\"https:\/\/www.ashtangayogaitaly.com\/\",\"name\":\"Shala Mandala\",\"description\":\"Yoga and Meditation community\",\"publisher\":{\"@id\":\"https:\/\/www.ashtangayogaitaly.com\/#organization\"},\"potentialAction\":[{\"@type\":\"SearchAction\",\"target\":{\"@type\":\"EntryPoint\",\"urlTemplate\":\"https:\/\/www.ashtangayogaitaly.com\/?s={search_term_string}\"},\"query-input\":{\"@type\":\"PropertyValueSpecification\",\"valueRequired\":true,\"valueName\":\"search_term_string\"}}],\"inLanguage\":\"it-IT\"},{\"@type\":\"Organization\",\"@id\":\"https:\/\/www.ashtangayogaitaly.com\/#organization\",\"name\":\"Shala Mandala Yoga Retreat\",\"url\":\"https:\/\/www.ashtangayogaitaly.com\/\",\"logo\":{\"@type\":\"ImageObject\",\"inLanguage\":\"it-IT\",\"@id\":\"https:\/\/www.ashtangayogaitaly.com\/#\/schema\/logo\/image\/\",\"url\":\"https:\/\/www.ashtangayogaitaly.com\/wp-content\/uploads\/2017\/05\/shala.jpg\",\"contentUrl\":\"https:\/\/www.ashtangayogaitaly.com\/wp-content\/uploads\/2017\/05\/shala.jpg\",\"width\":960,\"height\":640,\"caption\":\"Shala Mandala Yoga Retreat\"},\"image\":{\"@id\":\"https:\/\/www.ashtangayogaitaly.com\/#\/schema\/logo\/image\/\"},\"sameAs\":[\"https:\/\/www.facebook.com\/ShalaMandala\/\",\"https:\/\/x.com\/girlsenroute\",\"https:\/\/www.instagram.com\/shalamandala\"]}]}<\/script>\n<!-- \/ Yoast SEO plugin. -->","yoast_head_json":{"title":"Eventi 2026 - Ashtanga Yoga Italy","robots":{"index":"index","follow":"follow","max-snippet":"max-snippet:-1","max-image-preview":"max-image-preview:large","max-video-preview":"max-video-preview:-1"},"canonical":"https:\/\/www.ashtangayogaitaly.com\/it\/eventi-2025-3\/","og_locale":"it_IT","og_type":"article","og_title":"Eventi 2026 - Ashtanga Yoga Italy","og_description":"ALCHIMIA DELLO YOGA4 \u2013 10 giugno 2026Calabria, Italia Informazioni sul ritiro Questo ritiro \u00e8 dedicato al vivere nello yoga, al vivere in unit\u00e0 dentro di s\u00e9 e con l\u2019ambiente. Insieme esploreremo l\u2019alchimia del corpo, della mente e dell\u2019anima, focalizzandoci ogni giorno su uno specifico mito indiano. Il ritiro \u00e8 pensato per tutte le persone che &hellip; Leggi tutto \"Eventi 2026\"","og_url":"https:\/\/www.ashtangayogaitaly.com\/it\/eventi-2025-3\/","og_site_name":"Ashtanga Yoga Italy","article_publisher":"https:\/\/www.facebook.com\/ShalaMandala\/","article_modified_time":"2026-04-04T11:58:27+00:00","og_image":[{"width":1200,"height":900,"url":"https:\/\/www.ashtangayogaitaly.com\/wp-content\/uploads\/2020\/09\/B600D63B-118C-409F-802D-289A2AD53B6B.jpg","type":"image\/jpeg"}],"twitter_card":"summary_large_image","twitter_site":"@girlsenroute","twitter_misc":{"Tempo di lettura stimato":"3 minuti"},"schema":{"@context":"https:\/\/schema.org","@graph":[{"@type":"WebPage","@id":"https:\/\/www.ashtangayogaitaly.com\/it\/eventi-2025-3\/","url":"https:\/\/www.ashtangayogaitaly.com\/it\/eventi-2025-3\/","name":"Eventi 2026 - Ashtanga Yoga Italy","isPartOf":{"@id":"https:\/\/www.ashtangayogaitaly.com\/#website"},"primaryImageOfPage":{"@id":"https:\/\/www.ashtangayogaitaly.com\/it\/eventi-2025-3\/#primaryimage"},"image":{"@id":"https:\/\/www.ashtangayogaitaly.com\/it\/eventi-2025-3\/#primaryimage"},"thumbnailUrl":"https:\/\/www.ashtangayogaitaly.com\/wp-content\/uploads\/2020\/09\/B600D63B-118C-409F-802D-289A2AD53B6B.jpg","datePublished":"2026-01-10T17:59:22+00:00","dateModified":"2026-04-04T11:58:27+00:00","breadcrumb":{"@id":"https:\/\/www.ashtangayogaitaly.com\/it\/eventi-2025-3\/#breadcrumb"},"inLanguage":"it-IT","potentialAction":[{"@type":"ReadAction","target":["https:\/\/www.ashtangayogaitaly.com\/it\/eventi-2025-3\/"]}]},{"@type":"ImageObject","inLanguage":"it-IT","@id":"https:\/\/www.ashtangayogaitaly.com\/it\/eventi-2025-3\/#primaryimage","url":"https:\/\/www.ashtangayogaitaly.com\/wp-content\/uploads\/2020\/09\/B600D63B-118C-409F-802D-289A2AD53B6B.jpg","contentUrl":"https:\/\/www.ashtangayogaitaly.com\/wp-content\/uploads\/2020\/09\/B600D63B-118C-409F-802D-289A2AD53B6B.jpg","width":1200,"height":900},{"@type":"BreadcrumbList","@id":"https:\/\/www.ashtangayogaitaly.com\/it\/eventi-2025-3\/#breadcrumb","itemListElement":[{"@type":"ListItem","position":1,"name":"Home","item":"https:\/\/www.ashtangayogaitaly.com\/it\/"},{"@type":"ListItem","position":2,"name":"Eventi 2026"}]},{"@type":"WebSite","@id":"https:\/\/www.ashtangayogaitaly.com\/#website","url":"https:\/\/www.ashtangayogaitaly.com\/","name":"Shala Mandala","description":"Yoga and Meditation community","publisher":{"@id":"https:\/\/www.ashtangayogaitaly.com\/#organization"},"potentialAction":[{"@type":"SearchAction","target":{"@type":"EntryPoint","urlTemplate":"https:\/\/www.ashtangayogaitaly.com\/?s={search_term_string}"},"query-input":{"@type":"PropertyValueSpecification","valueRequired":true,"valueName":"search_term_string"}}],"inLanguage":"it-IT"},{"@type":"Organization","@id":"https:\/\/www.ashtangayogaitaly.com\/#organization","name":"Shala Mandala Yoga Retreat","url":"https:\/\/www.ashtangayogaitaly.com\/","logo":{"@type":"ImageObject","inLanguage":"it-IT","@id":"https:\/\/www.ashtangayogaitaly.com\/#\/schema\/logo\/image\/","url":"https:\/\/www.ashtangayogaitaly.com\/wp-content\/uploads\/2017\/05\/shala.jpg","contentUrl":"https:\/\/www.ashtangayogaitaly.com\/wp-content\/uploads\/2017\/05\/shala.jpg","width":960,"height":640,"caption":"Shala Mandala Yoga Retreat"},"image":{"@id":"https:\/\/www.ashtangayogaitaly.com\/#\/schema\/logo\/image\/"},"sameAs":["https:\/\/www.facebook.com\/ShalaMandala\/","https:\/\/x.com\/girlsenroute","https:\/\/www.instagram.com\/shalamandala"]}]}},"_links":{"self":[{"href":"https:\/\/www.ashtangayogaitaly.com\/it\/wp-json\/wp\/v2\/pages\/2231","targetHints":{"allow":["GET"]}}],"collection":[{"href":"https:\/\/www.ashtangayogaitaly.com\/it\/wp-json\/wp\/v2\/pages"}],"about":[{"href":"https:\/\/www.ashtangayogaitaly.com\/it\/wp-json\/wp\/v2\/types\/page"}],"author":[{"embeddable":true,"href":"https:\/\/www.ashtangayogaitaly.com\/it\/wp-json\/wp\/v2\/users\/1"}],"replies":[{"embeddable":true,"href":"https:\/\/www.ashtangayogaitaly.com\/it\/wp-json\/wp\/v2\/comments?post=2231"}],"version-history":[{"count":5,"href":"https:\/\/www.ashtangayogaitaly.com\/it\/wp-json\/wp\/v2\/pages\/2231\/revisions"}],"predecessor-version":[{"id":2613,"href":"https:\/\/www.ashtangayogaitaly.com\/it\/wp-json\/wp\/v2\/pages\/2231\/revisions\/2613"}],"wp:featuredmedia":[{"embeddable":true,"href":"https:\/\/www.ashtangayogaitaly.com\/it\/wp-json\/wp\/v2\/media\/1277"}],"wp:attachment":[{"href":"https:\/\/www.ashtangayogaitaly.com\/it\/wp-json\/wp\/v2\/media?parent=2231"}],"curies":[{"name":"wp","href":"https:\/\/api.w.org\/{rel}","templated":true}]}}